{"id":100,"date":"2021-02-23T13:00:08","date_gmt":"2021-02-23T11:00:08","guid":{"rendered":"https:\/\/apecrisuri.ro\/?page_id=100"},"modified":"2025-07-17T10:48:39","modified_gmt":"2025-07-17T08:48:39","slug":"istoric-licitatii","status":"publish","type":"page","link":"https:\/\/crisuri.rowater.ro\/?page_id=100","title":{"rendered":"Istoric licita\u021bii"},"content":{"rendered":"<p>[vc_row][vc_column][vc_column_text]<a href=\"https:\/\/crisuri.rowater.ro\/wp-content\/uploads\/2023\/05\/anZimoiasAndridMijlBrDrept.pdf\">-Acumularea Zimoia\u0219-Andrid -mijlocul \u0219i bra\u021bul drept al lacului amplasat pe cursul de ap\u0103 Valea Zimoia\u0219, \u00een partea de nord-vest a localit\u0103\u021bii Andris, jude\u021bul Satu Mare\u00a0<\/a><\/p>\n<p><a href=\"https:\/\/crisuri.rowater.ro\/wp-content\/uploads\/2023\/05\/ContractZimoiasAndridMijloculBratulDreptModel.pdf\">Model Contract Zimoias-Andrid mijlocul \u0219i bra\u021bul drept al lacului<\/a><\/p>\n<p><a href=\"https:\/\/crisuri.rowater.ro\/wp-content\/uploads\/2023\/05\/anZimoiasAndrid-BrStangCapat.pdf\">-Acumulare Zimoia\u0219-Andrid -bra\u021bul st\u00e2ng \u0219i cap\u0103tul lacului amplasat pe cursul de ap\u0103 Valea Zimoia\u0219 \u00een partea de nord-vest a localit\u0103\u021bii Andrid, jude\u021bul Satu Mare<\/a><br \/>\n<a href=\"https:\/\/crisuri.rowater.ro\/wp-content\/uploads\/2023\/05\/ContractZimoiasAndridBratStangCapatLacModel.pdf\">Model Contract Zimoias-Andrid bra\u021b st\u00e2ng \u0219i cap\u0103t lac<\/a><\/p>\n<p><a href=\"https:\/\/crisuri.rowater.ro\/wp-content\/uploads\/2023\/04\/anuntBecheni.pdf\">Acumularea Becheni amplasat\u0103 pe Valea R\u0103utu \u00een apropierea localit\u0103\u021bii Chereu\u0219a , jude\u021bul Satu Mare\u00a0<\/a><\/p>\n<p><a href=\"https:\/\/crisuri.rowater.ro\/wp-content\/uploads\/2023\/04\/anuntLes.pdf\">Acumularea Le\u0219 amplasat\u0103 pe Valea Canali\u0219 (R\u00eeturi) \u00een avalul localit\u0103tii Le\u0219, jude\u021bul Bihor<\/a><\/p>\n<p><a href=\"https:\/\/crisuri.rowater.ro\/wp-content\/uploads\/2022\/09\/anSuplacuBarcau.pdf\">Acumularea Suplacu de Barc\u0103u situat\u0103 pe cursul de ap\u0103 Barc\u0103u, bazinul hidrografic Barc\u0103u, \u00een amonte cu cca. 400m de drumul na\u021bional DN19B care leag\u0103 comuna Suplacu de Barc\u0103u de localitatea Por\u021b, jud. BH<\/a><\/p>\n<p><a href=\"https:\/\/crisuri.rowater.ro\/wp-content\/uploads\/2022\/09\/anUcurisII.pdf\">Acumularea Ucuri\u0219 II amplasat\u0103 pe un curs de ap\u0103 necadastrat, afluent de dreapta al cursului de ap\u0103 Barc\u0103u 1, \u00een bazinul hidrografic al Cri\u0219ului Negru, situat\u0103 \u00een apropierea localit\u0103\u021bii Ucuri\u0219, UAT Olcea jud. BH\u00a0<\/a><\/p>\n<p style=\"text-align: left;\"><a href=\"https:\/\/crisuri.rowater.ro\/wp-content\/uploads\/2022\/02\/anunt-ziar-Ianosda.pdf\">Acumularea Velju Pustei Iano\u0219da, bun imobil cu suprafa\u021ba de 1,3ha, amplasat\u0103 pe\u00a0 Valea Velju Pustei, \u00een bazinul hidrografic al r\u00e2ului Cri\u0219ul Negru \u00een extravilanul localit\u0103\u021bii Iano\u0219da, comuna M\u0103d\u0103ra\u0219, jud.Bihor<\/a><\/p>\n<p>&nbsp;<\/p>\n<p><a href=\"https:\/\/apecrisuri.ro\/wp-content\/uploads\/2021\/02\/anDania.pdf\">Acumularea Dania, amplasata pe Valea Dania, in bazinul hidrografic a raului Barcau , situata in extravilanul comunei Viisoara , jud.Bihor<\/a><\/p>\n<p><a href=\"https:\/\/crisuri.rowater.ro\/wp-content\/uploads\/2021\/11\/anSuplacu102021.pdf\">Acumularea Suplacu de Barc\u0103u, amplasat\u0103 pe cursul de ap\u0103 Barc\u0103u, \u00een bazinul hidrografic al r\u00e2ului Barc\u0103u, \u00een amonte cu cca. 400m de drumul na\u021bional DN19B ce leag\u0103 comuna Suplacu de Barc\u0103u de localitatea Por\u021b, jud.Bihor<\/a><\/p>\n<p><a href=\"https:\/\/apecrisuri.ro\/wp-content\/uploads\/2021\/06\/anCarasau.pdf\">AcumulareaC\u0103r\u0103s\u0103u amplasat\u0103 Pe Valea de<\/a><a href=\"https:\/\/apecrisuri.ro\/wp-content\/uploads\/2021\/06\/anCarasau.pdf\"> Izvoare , bazinul hidrografic a r\u00e2ului Cri\u0219ul Negru, localitatea C\u0103r\u0103s\u0103u, comuna Cociuba Mare, jud.Bihor<\/a><\/p>\n<p><a href=\"https:\/\/apecrisuri.ro\/wp-content\/uploads\/2021\/06\/anSuplacBarcau.pdf\">Acumularea Suplacu de Barc\u0103u amplasat\u0103 pe cursul de ap\u0103 Bar<\/a><a href=\"https:\/\/apecrisuri.ro\/wp-content\/uploads\/2021\/06\/anSuplacBarcau.pdf\">c\u0103u, bazinul hidrografic al r\u00e2ului Barc\u0103u, situat\u0103 \u00een amonte cu cca. 400m de drumul national DN19B ce leag\u0103 comuna Suplacu de Barc\u0103u de localitatea Por\u021b, jud.Bihor<\/a><\/p>\n<p>&nbsp;<\/p>\n<p>&nbsp;<\/p>\n<p>&nbsp;<\/p>\n<p><a href=\"https:\/\/crisuri.rowater.ro\/wp-content\/uploads\/2021\/10\/anCrestur2021.pdf\">Teren din cuveta lacului de acumulare Crestur, situat \u00een extravilanul satului Albis, U.A.T. Budusl\u0103u, jud. Bihor<\/a>[\/vc_column_text][\/vc_column][\/vc_row]<\/p>\n","protected":false},"excerpt":{"rendered":"<p>[vc_row][vc_column][vc_column_text]-Acumularea Zimoia\u0219-Andrid -mijlocul \u0219i bra\u021bul drept al lacului amplasat pe cursul de ap\u0103 Valea Zimoia\u0219, \u00een partea de nord-vest a localit\u0103\u021bii Andris, jude\u021bul Satu Mare\u00a0 Model Contract Zimoias-Andrid mijlocul \u0219i\u2026<\/p>\n","protected":false},"author":1,"featured_media":0,"parent":0,"menu_order":0,"comment_status":"closed","ping_status":"closed","template":"","meta":{"footnotes":""},"class_list":["post-100","page","type-page","status-publish","hentry"],"_links":{"self":[{"href":"https:\/\/crisuri.rowater.ro\/index.php?rest_route=\/wp\/v2\/pages\/100","targetHints":{"allow":["GET"]}}],"collection":[{"href":"https:\/\/crisuri.rowater.ro\/index.php?rest_route=\/wp\/v2\/pages"}],"about":[{"href":"https:\/\/crisuri.rowater.ro\/index.php?rest_route=\/wp\/v2\/types\/page"}],"author":[{"embeddable":true,"href":"https:\/\/crisuri.rowater.ro\/index.php?rest_route=\/wp\/v2\/users\/1"}],"replies":[{"embeddable":true,"href":"https:\/\/crisuri.rowater.ro\/index.php?rest_route=%2Fwp%2Fv2%2Fcomments&post=100"}],"version-history":[{"count":14,"href":"https:\/\/crisuri.rowater.ro\/index.php?rest_route=\/wp\/v2\/pages\/100\/revisions"}],"predecessor-version":[{"id":8278,"href":"https:\/\/crisuri.rowater.ro\/index.php?rest_route=\/wp\/v2\/pages\/100\/revisions\/8278"}],"wp:attachment":[{"href":"https:\/\/crisuri.rowater.ro\/index.php?rest_route=%2Fwp%2Fv2%2Fmedia&parent=100"}],"curies":[{"name":"wp","href":"https:\/\/api.w.org\/{rel}","templated":true}]}}