{"id":140,"date":"2021-03-05T11:10:25","date_gmt":"2021-03-05T09:10:25","guid":{"rendered":"https:\/\/apecrisuri.ro\/?page_id=140"},"modified":"2021-07-07T08:59:35","modified_gmt":"2021-07-07T06:59:35","slug":"politica-gdpr","status":"publish","type":"page","link":"https:\/\/crisuri.rowater.ro\/?page_id=140","title":{"rendered":"Politica GDPR"},"content":{"rendered":"<p>[vc_row][vc_column][vc_column_text]<a href=\"https:\/\/crisuri.rowater.ro\/wp-content\/uploads\/2021\/07\/Politica-GDPR-2021.pdf\">POLITICA GENERAL\u0102 DE PROTEC\u0162IE A DATELOR CU CARACTER PERSONAL \u00ceN CADRUL ADMINISTRA\u0162IEI BAZINALE DE AP\u0102 CRI\u0218URI<\/a>[\/vc_column_text][\/vc_column][\/vc_row]<\/p>\n","protected":false},"excerpt":{"rendered":"<p>[vc_row][vc_column][vc_column_text]POLITICA GENERAL\u0102 DE PROTEC\u0162IE A DATELOR CU CARACTER PERSONAL \u00ceN CADRUL ADMINISTRA\u0162IEI BAZINALE DE AP\u0102 CRI\u0218URI[\/vc_column_text][\/vc_column][\/vc_row]<\/p>\n","protected":false},"author":1,"featured_media":0,"parent":0,"menu_order":0,"comment_status":"closed","ping_status":"closed","template":"","meta":{"footnotes":""},"class_list":["post-140","page","type-page","status-publish","hentry"],"_links":{"self":[{"href":"https:\/\/crisuri.rowater.ro\/index.php?rest_route=\/wp\/v2\/pages\/140","targetHints":{"allow":["GET"]}}],"collection":[{"href":"https:\/\/crisuri.rowater.ro\/index.php?rest_route=\/wp\/v2\/pages"}],"about":[{"href":"https:\/\/crisuri.rowater.ro\/index.php?rest_route=\/wp\/v2\/types\/page"}],"author":[{"embeddable":true,"href":"https:\/\/crisuri.rowater.ro\/index.php?rest_route=\/wp\/v2\/users\/1"}],"replies":[{"embeddable":true,"href":"https:\/\/crisuri.rowater.ro\/index.php?rest_route=%2Fwp%2Fv2%2Fcomments&post=140"}],"version-history":[{"count":5,"href":"https:\/\/crisuri.rowater.ro\/index.php?rest_route=\/wp\/v2\/pages\/140\/revisions"}],"predecessor-version":[{"id":676,"href":"https:\/\/crisuri.rowater.ro\/index.php?rest_route=\/wp\/v2\/pages\/140\/revisions\/676"}],"wp:attachment":[{"href":"https:\/\/crisuri.rowater.ro\/index.php?rest_route=%2Fwp%2Fv2%2Fmedia&parent=140"}],"curies":[{"name":"wp","href":"https:\/\/api.w.org\/{rel}","templated":true}]}}