{"id":1605,"date":"2022-01-05T10:06:44","date_gmt":"2022-01-05T08:06:44","guid":{"rendered":"https:\/\/crisuri.rowater.ro\/?page_id=1605"},"modified":"2023-01-03T08:57:17","modified_gmt":"2023-01-03T06:57:17","slug":"invitatii-de-participare-2022","status":"publish","type":"page","link":"https:\/\/crisuri.rowater.ro\/?page_id=1605","title":{"rendered":"Invita\u021bii de participare 2022"},"content":{"rendered":"<p>[vc_row equal_height=&#8221;yes&#8221; content_placement=&#8221;middle&#8221; css=&#8221;.vc_custom_1641372561191{border-bottom-width: 3px !important;background-color: #93c9ff !important;border-bottom-color: #1e73be !important;border-bottom-style: solid !important;}&#8221;][vc_column width=&#8221;1\/12&#8243;][vc_column_text]Nr. Crt.[\/vc_column_text][\/vc_column][vc_column width=&#8221;4\/12&#8243;][vc_column_text]Descriere[\/vc_column_text][\/vc_column][vc_column width=&#8221;2\/12&#8243;][vc_column_text]Data public\u0103rii[\/vc_column_text][\/vc_column][vc_column width=&#8221;2\/12&#8243;][vc_column_text]<strong>Data limit\u0103 <\/strong><strong>depunere oferte<\/strong>[\/vc_column_text][\/vc_column][vc_column width=&#8221;2\/12&#8243;][vc_column_text]Documenta\u021bie Clarific\u0103ri[\/vc_column_text][\/vc_column][vc_column width=&#8221;1\/12&#8243;][vc_column_text]Stare[\/vc_column_text][\/vc_column][\/vc_row][vc_row equal_height=&#8221;yes&#8221; content_placement=&#8221;top&#8221; css=&#8221;.vc_custom_1641372380780{border-bottom-width: 2px !important;border-bottom-color: #1e73be !important;}&#8221;][vc_column width=&#8221;1\/12&#8243;][vc_column_text]10[\/vc_column_text][\/vc_column][vc_column width=&#8221;4\/12&#8243;][vc_column_text]<a href=\"https:\/\/crisuri.rowater.ro\/wp-content\/uploads\/2022\/12\/anRampaCrisRepede.pdf\">Achizi\u021bie direct\u0103 &#8211; Execu\u021bie lucr\u0103ri de construc\u021bii &#8211; Amenajare r\u00e2u Cri\u0219ul Repede, jud Bihor &#8211; Ob.1 Intravilan Oradea -mal drept &#8211; Rampa amonte Pod Centenar\u00a0<\/a>[\/vc_column_text][\/vc_column][vc_column width=&#8221;2\/12&#8243;][vc_column_text]22.12.2022[\/vc_column_text][\/vc_column][vc_column width=&#8221;2\/12&#8243;][vc_column_text]27.12.2022[\/vc_column_text][\/vc_column][vc_column width=&#8221;2\/12&#8243;][vc_column_text]<a href=\"https:\/\/crisuri.rowater.ro\/wp-content\/uploads\/2022\/12\/CaietRampa.pdf\">Caiet de sarcini<\/a><\/p>\n<p><a href=\"https:\/\/crisuri.rowater.ro\/wp-content\/uploads\/2022\/12\/parte-scrisa.pdf\">Parte scris\u0103<\/a><\/p>\n<p><a href=\"https:\/\/crisuri.rowater.ro\/wp-content\/uploads\/2022\/12\/parte-desenata.pdf\">Parte desenat\u0103<\/a><\/p>\n<p><a href=\"https:\/\/crisuri.rowater.ro\/wp-content\/uploads\/2022\/12\/ContractRampa.pdf\">Contract<\/a><\/p>\n<p><a href=\"https:\/\/crisuri.rowater.ro\/wp-content\/uploads\/2022\/12\/FisaDateRampa.pdf\">Fisa de date<\/a><\/p>\n<p><a href=\"https:\/\/crisuri.rowater.ro\/wp-content\/uploads\/2022\/12\/FormulareRampa2022.pdf\">Formulare<\/a>[\/vc_column_text][\/vc_column][vc_column width=&#8221;1\/12&#8243;][vc_column_text]<a href=\"https:\/\/crisuri.rowater.ro\/wp-content\/uploads\/2023\/01\/atrRampaCrisRepede.pdf\">Atribuit<\/a>[\/vc_column_text][\/vc_column][\/vc_row][vc_row equal_height=&#8221;yes&#8221; content_placement=&#8221;top&#8221; css=&#8221;.vc_custom_1641372380780{border-bottom-width: 2px !important;border-bottom-color: #1e73be !important;}&#8221;][vc_column width=&#8221;1\/12&#8243;][vc_column_text]9[\/vc_column_text][\/vc_column][vc_column width=&#8221;4\/12&#8243;][vc_column_text]<a href=\"https:\/\/crisuri.rowater.ro\/wp-content\/uploads\/2022\/11\/AnParticiparePoiana.pdf\">Achizi\u021bie direct\u0103 &#8211; Servicii de proiectare &#8211; Faza actualizare S.F. la obiectivul de investi\u021bii &#8222;Acumulare Poiana, jude\u021b Bihor&#8221;<\/a>[\/vc_column_text][\/vc_column][vc_column width=&#8221;2\/12&#8243;][vc_column_text]15.11.2022[\/vc_column_text][\/vc_column][vc_column width=&#8221;2\/12&#8243;][vc_column_text]23.11.2022[\/vc_column_text][\/vc_column][vc_column width=&#8221;2\/12&#8243;][vc_column_text]<a href=\"https:\/\/crisuri.rowater.ro\/wp-content\/uploads\/2022\/11\/CaietPoiana.pdf\">Caiet de sarcini<\/a><\/p>\n<p><a href=\"https:\/\/crisuri.rowater.ro\/wp-content\/uploads\/2022\/11\/ParteScrisaPoiana.pdf\">Parte scris\u0103 <\/a><\/p>\n<p><a href=\"https:\/\/crisuri.rowater.ro\/wp-content\/uploads\/2022\/11\/ParteDesenataPoiana.pdf\">Parte desenat\u0103<\/a><\/p>\n<p><a href=\"https:\/\/crisuri.rowater.ro\/wp-content\/uploads\/2022\/11\/ContractPoiana-.pdf\">Contract<\/a><\/p>\n<p><a href=\"https:\/\/crisuri.rowater.ro\/wp-content\/uploads\/2022\/11\/FisaDatePoiana.pdf\">Fi\u0219a de date\u00a0<\/a><\/p>\n<p><a href=\"https:\/\/crisuri.rowater.ro\/wp-content\/uploads\/2022\/11\/FormularePoiana.pdf\">Formulare<\/a>[\/vc_column_text][\/vc_column][vc_column width=&#8221;1\/12&#8243;][vc_column_text]<a href=\"https:\/\/crisuri.rowater.ro\/wp-content\/uploads\/2022\/12\/AtrPoiana.pdf\">atribuit<\/a>[\/vc_column_text][\/vc_column][\/vc_row][vc_row equal_height=&#8221;yes&#8221; content_placement=&#8221;top&#8221; css=&#8221;.vc_custom_1641372380780{border-bottom-width: 2px !important;border-bottom-color: #1e73be !important;}&#8221;][vc_column width=&#8221;1\/12&#8243;][vc_column_text]8[\/vc_column_text][\/vc_column][vc_column width=&#8221;4\/12&#8243;][vc_column_text]<a href=\"https:\/\/crisuri.rowater.ro\/wp-content\/uploads\/2022\/08\/anMihaileniBlajeni.pdf\">Achizi\u021bie direct\u0103 &#8211; Refacere consolidare mal drept al r\u00e2ului Cri\u0219ul Alb \u00een localitatea Mih\u0103ileni, jud. Hunedoara<\/a><\/p>\n<p><a href=\"https:\/\/crisuri.rowater.ro\/wp-content\/uploads\/2022\/08\/anMihaileniBlajeni.pdf\">\u00a0&#8211; Sta\u021bie Hidrometric\u0103 Bl\u0103jeni, jud. Hunedoara-reabilitare<\/a>[\/vc_column_text][\/vc_column][vc_column width=&#8221;2\/12&#8243;][vc_column_text]25.08.2022[\/vc_column_text][\/vc_column][vc_column width=&#8221;2\/12&#8243;][vc_column_text]01.09.2022[\/vc_column_text][\/vc_column][vc_column width=&#8221;2\/12&#8243;][vc_column_text]<a href=\"https:\/\/crisuri.rowater.ro\/wp-content\/uploads\/2022\/08\/CaietConsolidareMihaileni.pdf\">Caiet de sarcini Consolidare Mih\u0103ileni<\/a><\/p>\n<p><a href=\"https:\/\/crisuri.rowater.ro\/wp-content\/uploads\/2022\/08\/AnexeCaietMihaileni.pdf\">Anexe Caiet de sarcini Mihaileni<\/a><\/p>\n<p><a href=\"https:\/\/crisuri.rowater.ro\/wp-content\/uploads\/2022\/08\/CaietReabilitareBlajeni.pdf\">Caiet de sarcini Reabilitare Bl\u0103jeni<\/a><\/p>\n<p><a href=\"https:\/\/crisuri.rowater.ro\/wp-content\/uploads\/2022\/08\/AnexeCaietBlajeni.pdf\">Anexe Caiet de sarcini Bl\u0103jeni<\/a><\/p>\n<p><a href=\"https:\/\/crisuri.rowater.ro\/wp-content\/uploads\/2022\/08\/ContractMihaileniBlajeni.pdf\">Contract<\/a><\/p>\n<p><a href=\"https:\/\/crisuri.rowater.ro\/wp-content\/uploads\/2022\/08\/FisaMihaileniBlajeni.pdf\">Fisa de date\u00a0<\/a><\/p>\n<p><a href=\"https:\/\/crisuri.rowater.ro\/wp-content\/uploads\/2022\/08\/FormulareMihaileniBlajeni.pdf\">Formulare<\/a><\/p>\n<p><a href=\"https:\/\/crisuri.rowater.ro\/wp-content\/uploads\/2022\/08\/ClarifBlajeniMihaileni.pdf\">Clarificare Deviz Obiect Bl\u0103jeni \u0219i Mih\u0103ileni\u00a0<\/a>[\/vc_column_text][\/vc_column][vc_column width=&#8221;1\/12&#8243;][vc_column_text]<a href=\"https:\/\/crisuri.rowater.ro\/wp-content\/uploads\/2022\/09\/atrBlajMih.pdf\">atribuit<\/a>[\/vc_column_text][\/vc_column][\/vc_row][vc_row equal_height=&#8221;yes&#8221; content_placement=&#8221;top&#8221; css=&#8221;.vc_custom_1641372380780{border-bottom-width: 2px !important;border-bottom-color: #1e73be !important;}&#8221;][vc_column width=&#8221;1\/12&#8243;][vc_column_text]7[\/vc_column_text][\/vc_column][vc_column width=&#8221;4\/12&#8243;][vc_column_text]<a href=\"https:\/\/crisuri.rowater.ro\/wp-content\/uploads\/2022\/08\/anCriscior.pdf\">Achizi\u021bie direct\u0103 &#8211; Consolidare mal st\u00e2ng Cri\u0219ul Alb \u00een localitatea Criscior, jud. Hunedoara<\/a>[\/vc_column_text][\/vc_column][vc_column width=&#8221;2\/12&#8243;][vc_column_text]25.08.2022[\/vc_column_text][\/vc_column][vc_column width=&#8221;2\/12&#8243;][vc_column_text]01.09.2022[\/vc_column_text][\/vc_column][vc_column width=&#8221;2\/12&#8243;][vc_column_text]<a href=\"https:\/\/crisuri.rowater.ro\/wp-content\/uploads\/2022\/08\/CaietCriscior.pdf\">Caiet de sarcini<\/a><\/p>\n<p><a href=\"https:\/\/crisuri.rowater.ro\/wp-content\/uploads\/2022\/08\/AnexeCSCriscior.pdf\">Anexe Caiet de sarcini<\/a><\/p>\n<p><a href=\"https:\/\/crisuri.rowater.ro\/wp-content\/uploads\/2022\/08\/ContractCriscior.pdf\">Contract<\/a><\/p>\n<p><a href=\"https:\/\/crisuri.rowater.ro\/wp-content\/uploads\/2022\/08\/FisaCriscior.pdf\">Fisa de date<\/a><\/p>\n<p><a href=\"https:\/\/crisuri.rowater.ro\/wp-content\/uploads\/2022\/08\/FormulareCriscior.docx\">Formulare<\/a><\/p>\n<p><a href=\"https:\/\/crisuri.rowater.ro\/wp-content\/uploads\/2022\/08\/ClarificareCriscior.pdf\">Clarificare Deviz Obiect &#8221; Refacere consolidare mal stang al raului Crisul Alb in localitatea Criscior&#8221;<\/a>[\/vc_column_text][\/vc_column][vc_column width=&#8221;1\/12&#8243;][vc_column_text]<a href=\"https:\/\/crisuri.rowater.ro\/wp-content\/uploads\/2022\/09\/atrCriscior.pdf\">atribuit<\/a>[\/vc_column_text][\/vc_column][\/vc_row][vc_row equal_height=&#8221;yes&#8221; content_placement=&#8221;top&#8221; css=&#8221;.vc_custom_1641372380780{border-bottom-width: 2px !important;border-bottom-color: #1e73be !important;}&#8221;][vc_column width=&#8221;1\/12&#8243;][vc_column_text]6[\/vc_column_text][\/vc_column][vc_column width=&#8221;4\/12&#8243;][vc_column_text]<a href=\"https:\/\/crisuri.rowater.ro\/wp-content\/uploads\/2022\/07\/AnPlutDiosig.pdf\">Achizi\u021bie direct\u0103 &#8211; Servicii de proiectare pentru\u00a0 fazele DTAC, Pt, DE, CS pentru obiectivul de investi\u021bii\u00a0 \u201dECHIPAMENTE PENTRU \u00ceNDEP\u0102RTAREA PLUTITORILOR DE PE CURSURILE DE AP\u0102 DIN BH CRI\u0218URI\u201d &#8211; pe r\u00e2ul Ier la Ianca, Diosig, Bihor\u00a0<\/a>[\/vc_column_text][\/vc_column][vc_column width=&#8221;2\/12&#8243;][vc_column_text]15.07.2022[\/vc_column_text][\/vc_column][vc_column width=&#8221;2\/12&#8243;][vc_column_text]21.07.2022[\/vc_column_text][\/vc_column][vc_column width=&#8221;2\/12&#8243;][vc_column_text]<a href=\"https:\/\/crisuri.rowater.ro\/wp-content\/uploads\/2022\/07\/CaietPlutDiosig.pdf\">Caiet de sarcini<\/a><\/p>\n<p><a href=\"https:\/\/crisuri.rowater.ro\/wp-content\/uploads\/2022\/07\/SF-18.04.2022-Sectiuni-plutitori-Crisuri.pdf\">Studiu de fezabilitate<\/a><\/p>\n<p><a href=\"https:\/\/crisuri.rowater.ro\/wp-content\/uploads\/2022\/07\/ContractPlutDiosig.pdf\">Contract<\/a><\/p>\n<p><a href=\"https:\/\/crisuri.rowater.ro\/wp-content\/uploads\/2022\/07\/FisaPlutDiosig.pdf\">Fisa de date<\/a><\/p>\n<p><a href=\"https:\/\/crisuri.rowater.ro\/wp-content\/uploads\/2022\/07\/FormularePlutDiosig.pdf\">Formulare<\/a>[\/vc_column_text][\/vc_column][vc_column width=&#8221;1\/12&#8243;][vc_column_text]<a href=\"https:\/\/crisuri.rowater.ro\/wp-content\/uploads\/2022\/08\/atrPlutitoriIancaIer.pdf\">atribuit<\/a>[\/vc_column_text][\/vc_column][\/vc_row][vc_row equal_height=&#8221;yes&#8221; content_placement=&#8221;top&#8221; css=&#8221;.vc_custom_1641372380780{border-bottom-width: 2px !important;border-bottom-color: #1e73be !important;}&#8221;][vc_column width=&#8221;1\/12&#8243;][vc_column_text]5[\/vc_column_text][\/vc_column][vc_column width=&#8221;4\/12&#8243;][vc_column_text]<a href=\"https:\/\/crisuri.rowater.ro\/wp-content\/uploads\/2022\/05\/AnSediuStei.pdf\">Achizi\u021bie direct\u0103 &#8211; Execu\u021bie lucr\u0103ri de C+M pentru Sediu Forma\u021bie \u0218tei, jud.Bihor<\/a>[\/vc_column_text][\/vc_column][vc_column width=&#8221;2\/12&#8243;][vc_column_text]04.05.2022[\/vc_column_text][\/vc_column][vc_column width=&#8221;2\/12&#8243;][vc_column_text]11.05.2022[\/vc_column_text][\/vc_column][vc_column width=&#8221;2\/12&#8243;][vc_column_text]<a href=\"https:\/\/crisuri.rowater.ro\/wp-content\/uploads\/2022\/05\/CaietSediuStei.pdf\">Caiet de sarcini<\/a><\/p>\n<p><a href=\"https:\/\/crisuri.rowater.ro\/wp-content\/uploads\/2022\/05\/Plan-de-situatie.pdf\">Plan de situa\u021bie<\/a><\/p>\n<p><a href=\"https:\/\/crisuri.rowater.ro\/wp-content\/uploads\/2022\/05\/MemoriuSediuStei.pdf\">Memoriu Sediu \u0218tei<\/a><\/p>\n<p><a href=\"https:\/\/crisuri.rowater.ro\/wp-content\/uploads\/2022\/05\/Liste-cantitati.pdf\">Liste cantita\u021bi<\/a><\/p>\n<p><a href=\"https:\/\/crisuri.rowater.ro\/wp-content\/uploads\/2022\/05\/ContractSediuStei.pdf\">Contract<\/a><\/p>\n<p><a href=\"https:\/\/crisuri.rowater.ro\/wp-content\/uploads\/2022\/05\/FisaSediuStei.pdf\">Fi\u0219a de date<\/a><\/p>\n<p><a href=\"https:\/\/crisuri.rowater.ro\/wp-content\/uploads\/2022\/05\/FormulareSediuStei.pdf\">Formulare<\/a>[\/vc_column_text][\/vc_column][vc_column width=&#8221;1\/12&#8243;][vc_column_text]<a href=\"https:\/\/crisuri.rowater.ro\/wp-content\/uploads\/2022\/05\/atrSediuStei.pdf\">atribuit<\/a>[\/vc_column_text][\/vc_column][\/vc_row][vc_row equal_height=&#8221;yes&#8221; content_placement=&#8221;top&#8221; css=&#8221;.vc_custom_1641372380780{border-bottom-width: 2px !important;border-bottom-color: #1e73be !important;}&#8221;][vc_column width=&#8221;1\/12&#8243;][vc_column_text]4[\/vc_column_text][\/vc_column][vc_column width=&#8221;4\/12&#8243;][vc_column_text]<a href=\"https:\/\/crisuri.rowater.ro\/wp-content\/uploads\/2022\/03\/anSarpPrizaOr.pdf\">Achizi\u021bie direct\u0103 &#8211; Reabilitare \u0219arpant\u0103 Priza de ap\u0103 Oradea<\/a>[\/vc_column_text][\/vc_column][vc_column width=&#8221;2\/12&#8243;][vc_column_text]23.03.2022[\/vc_column_text][\/vc_column][vc_column width=&#8221;2\/12&#8243;][vc_column_text]30.03.2022[\/vc_column_text][\/vc_column][vc_column width=&#8221;2\/12&#8243;][vc_column_text]<a href=\"https:\/\/crisuri.rowater.ro\/wp-content\/uploads\/2022\/03\/CaietPrizaApaOr.pdf\">Caiet de sarcini<\/a><\/p>\n<p><a href=\"https:\/\/crisuri.rowater.ro\/wp-content\/uploads\/2022\/03\/ContractPrizaApaOr.pdf\">Contract<\/a><\/p>\n<p><a href=\"https:\/\/crisuri.rowater.ro\/wp-content\/uploads\/2022\/03\/CantiPrizaOr.pdf\">Deviz cheltuieli<\/a><\/p>\n<p><a href=\"https:\/\/crisuri.rowater.ro\/wp-content\/uploads\/2022\/03\/FisaPrizaApaOr.pdf\">Fisa de date<\/a><\/p>\n<p><a href=\"https:\/\/crisuri.rowater.ro\/wp-content\/uploads\/2022\/03\/FormularePrizaApaOr.pdf\">Formulare<\/a><\/p>\n<p><a href=\"https:\/\/crisuri.rowater.ro\/wp-content\/uploads\/2022\/03\/RaspSolClarif.pdf\">R\u0103spuns solicitare clarific\u0103ri<\/a>[\/vc_column_text][\/vc_column][vc_column width=&#8221;1\/12&#8243;][vc_column_text]<\/p>\n<p style=\"text-align: left;\"><a href=\"https:\/\/crisuri.rowater.ro\/wp-content\/uploads\/2022\/04\/atrPriza2022.pdf\">atribuit<\/a><\/p>\n<p>[\/vc_column_text][\/vc_column][\/vc_row][vc_row equal_height=&#8221;yes&#8221; content_placement=&#8221;top&#8221; css=&#8221;.vc_custom_1641372380780{border-bottom-width: 2px !important;border-bottom-color: #1e73be !important;}&#8221;][vc_column width=&#8221;1\/12&#8243;][vc_column_text]3[\/vc_column_text][\/vc_column][vc_column width=&#8221;4\/12&#8243;][vc_column_text]<a href=\"https:\/\/crisuri.rowater.ro\/wp-content\/uploads\/2022\/03\/AnVHuta2022.pdf\">Achizi\u021bie direct\u0103 &#8211; Servicii de proiectare \u0219i execu\u021bie lucr\u0103ri de C+M pentru obiectivul de investi\u021bii &#8211; Consolidare Valea Huta, loc. Luga\u0219u de Jos, jude\u021bul Bihor<\/a>[\/vc_column_text][\/vc_column][vc_column width=&#8221;2\/12&#8243;][vc_column_text]15.03.2022[\/vc_column_text][\/vc_column][vc_column width=&#8221;2\/12&#8243;][vc_column_text]23.03.2022[\/vc_column_text][\/vc_column][vc_column width=&#8221;2\/12&#8243;][vc_column_text]<a href=\"https:\/\/crisuri.rowater.ro\/wp-content\/uploads\/2022\/03\/CaietVHuta2022.pdf\">Caiet de sarcini<\/a><\/p>\n<p><a href=\"https:\/\/crisuri.rowater.ro\/wp-content\/uploads\/2022\/03\/ContractVHuta-2022.pdf\">Contract<\/a><\/p>\n<p><a href=\"https:\/\/crisuri.rowater.ro\/wp-content\/uploads\/2022\/03\/FisaDateVHuta2022.pdf\">Fisa de date<\/a><\/p>\n<p><a href=\"https:\/\/crisuri.rowater.ro\/wp-content\/uploads\/2022\/03\/FormulareVHuta2022.pdf\">Formulare<\/a>[\/vc_column_text][\/vc_column][vc_column width=&#8221;1\/12&#8243;][vc_column_text]<a href=\"https:\/\/crisuri.rowater.ro\/wp-content\/uploads\/2022\/04\/atrhuta.pdf\">atribuit<\/a>[\/vc_column_text][\/vc_column][\/vc_row][vc_row equal_height=&#8221;yes&#8221; content_placement=&#8221;top&#8221; css=&#8221;.vc_custom_1641372380780{border-bottom-width: 2px !important;border-bottom-color: #1e73be !important;}&#8221;][vc_column width=&#8221;1\/12&#8243;][vc_column_text]2[\/vc_column_text][\/vc_column][vc_column width=&#8221;4\/12&#8243;][vc_column_text]<a href=\"https:\/\/crisuri.rowater.ro\/wp-content\/uploads\/2022\/03\/AnCSisterea2022.pdf\">Achizi\u021bie direct\u0103 &#8211; Canton de exploatare \u00een apropierea acumul\u0103rii Popii, loc.\u0218i\u0219terea , com. Cetariu, jude\u021bul Bihor &#8211; continuare lucr\u0103ri de C+M (rest de executat)<\/a>[\/vc_column_text][\/vc_column][vc_column width=&#8221;2\/12&#8243;][vc_column_text]15.03.2022[\/vc_column_text][\/vc_column][vc_column width=&#8221;2\/12&#8243;][vc_column_text]21.03.2022[\/vc_column_text][\/vc_column][vc_column width=&#8221;2\/12&#8243;][vc_column_text]<a href=\"https:\/\/crisuri.rowater.ro\/wp-content\/uploads\/2022\/03\/CaietCSisterea2022.pdf\">Caiet de sarcini<\/a><\/p>\n<p><a href=\"https:\/\/crisuri.rowater.ro\/wp-content\/uploads\/2022\/03\/ContractCSisterea2022.pdf\">Contract<\/a><\/p>\n<p><a href=\"https:\/\/crisuri.rowater.ro\/wp-content\/uploads\/2022\/03\/FisaDateCSisterea2022.pdf\">Fi\u0219a de date<\/a><\/p>\n<p><a href=\"https:\/\/crisuri.rowater.ro\/wp-content\/uploads\/2022\/03\/ListeCantitCSisterea2022.pdf\">Liste cantit\u0103\u021bi<\/a><\/p>\n<p><a href=\"https:\/\/crisuri.rowater.ro\/wp-content\/uploads\/2022\/03\/FormulareCSisterea2022.pdf\">Formulare<\/a>[\/vc_column_text][\/vc_column][vc_column width=&#8221;1\/12&#8243;][vc_column_text]<a href=\"https:\/\/crisuri.rowater.ro\/wp-content\/uploads\/2022\/03\/atrCSisterea2022.pdf\">Atribuit<\/a>[\/vc_column_text][\/vc_column][\/vc_row][vc_row equal_height=&#8221;yes&#8221; content_placement=&#8221;top&#8221; css=&#8221;.vc_custom_1641372380780{border-bottom-width: 2px !important;border-bottom-color: #1e73be !important;}&#8221;][vc_column width=&#8221;1\/12&#8243;][vc_column_text]1[\/vc_column_text][\/vc_column][vc_column width=&#8221;4\/12&#8243;][vc_column_text]<a href=\"https:\/\/crisuri.rowater.ro\/wp-content\/uploads\/2022\/03\/AnCantonPilu1-.pdf\">Achizitie direct\u0103 &#8211; Servicii de proiectare \u0219i execu\u021bie lucr\u0103ri de C+M pentru obiectivul de investi\u021bii &#8211; Reabilitare canton Pilu I &#8211; continuare lucr\u0103ri, jude\u021bul Arad<\/a>[\/vc_column_text][\/vc_column][vc_column width=&#8221;2\/12&#8243;][vc_column_text]14.03.2022[\/vc_column_text][\/vc_column][vc_column width=&#8221;2\/12&#8243;][vc_column_text]21.03.2022[\/vc_column_text][\/vc_column][vc_column width=&#8221;2\/12&#8243;][vc_column_text]<a href=\"https:\/\/crisuri.rowater.ro\/wp-content\/uploads\/2022\/03\/CaietPilu1.pdf\">Caiet de sarcini<\/a><\/p>\n<p><a href=\"https:\/\/crisuri.rowater.ro\/wp-content\/uploads\/2022\/03\/ContractPilu1.pdf\">Contract<\/a><\/p>\n<p><a href=\"https:\/\/crisuri.rowater.ro\/wp-content\/uploads\/2022\/03\/FisaDatePilu1.pdf\">Fi\u0219a de date<\/a><\/p>\n<p><a href=\"https:\/\/crisuri.rowater.ro\/wp-content\/uploads\/2022\/03\/FormularePilu1.pdf\">Formulare<\/a>[\/vc_column_text][\/vc_column][vc_column width=&#8221;1\/12&#8243;][vc_column_text]<a href=\"https:\/\/crisuri.rowater.ro\/wp-content\/uploads\/2022\/03\/atrPilu1.pdf\">Atribuit<\/a>[\/vc_column_text][\/vc_column][\/vc_row]<\/p>\n","protected":false},"excerpt":{"rendered":"<p>[vc_row equal_height=&#8221;yes&#8221; content_placement=&#8221;middle&#8221; css=&#8221;.vc_custom_1641372561191{border-bottom-width: 3px !important;background-color: #93c9ff !important;border-bottom-color: #1e73be !important;border-bottom-style: solid !important;}&#8221;][vc_column width=&#8221;1\/12&#8243;][vc_column_text]Nr. Crt.[\/vc_column_text][\/vc_column][vc_column width=&#8221;4\/12&#8243;][vc_column_text]Descriere[\/vc_column_text][\/vc_column][vc_column width=&#8221;2\/12&#8243;][vc_column_text]Data public\u0103rii[\/vc_column_text][\/vc_column][vc_column width=&#8221;2\/12&#8243;][vc_column_text]Data limit\u0103 depunere oferte[\/vc_column_text][\/vc_column][vc_column width=&#8221;2\/12&#8243;][vc_column_text]Documenta\u021bie Clarific\u0103ri[\/vc_column_text][\/vc_column][vc_column width=&#8221;1\/12&#8243;][vc_column_text]Stare[\/vc_column_text][\/vc_column][\/vc_row][vc_row equal_height=&#8221;yes&#8221; content_placement=&#8221;top&#8221; css=&#8221;.vc_custom_1641372380780{border-bottom-width: 2px !important;border-bottom-color: #1e73be\u2026<\/p>\n","protected":false},"author":1,"featured_media":0,"parent":0,"menu_order":0,"comment_status":"closed","ping_status":"closed","template":"","meta":{"footnotes":""},"class_list":["post-1605","page","type-page","status-publish","hentry"],"_links":{"self":[{"href":"https:\/\/crisuri.rowater.ro\/index.php?rest_route=\/wp\/v2\/pages\/1605","targetHints":{"allow":["GET"]}}],"collection":[{"href":"https:\/\/crisuri.rowater.ro\/index.php?rest_route=\/wp\/v2\/pages"}],"about":[{"href":"https:\/\/crisuri.rowater.ro\/index.php?rest_route=\/wp\/v2\/types\/page"}],"author":[{"embeddable":true,"href":"https:\/\/crisuri.rowater.ro\/index.php?rest_route=\/wp\/v2\/users\/1"}],"replies":[{"embeddable":true,"href":"https:\/\/crisuri.rowater.ro\/index.php?rest_route=%2Fwp%2Fv2%2Fcomments&post=1605"}],"version-history":[{"count":42,"href":"https:\/\/crisuri.rowater.ro\/index.php?rest_route=\/wp\/v2\/pages\/1605\/revisions"}],"predecessor-version":[{"id":3250,"href":"https:\/\/crisuri.rowater.ro\/index.php?rest_route=\/wp\/v2\/pages\/1605\/revisions\/3250"}],"wp:attachment":[{"href":"https:\/\/crisuri.rowater.ro\/index.php?rest_route=%2Fwp%2Fv2%2Fmedia&parent=1605"}],"curies":[{"name":"wp","href":"https:\/\/api.w.org\/{rel}","templated":true}]}}