{"id":2622,"date":"2022-07-12T13:52:13","date_gmt":"2022-07-12T11:52:13","guid":{"rendered":"https:\/\/crisuri.rowater.ro\/?page_id=2622"},"modified":"2023-05-30T14:32:41","modified_gmt":"2023-05-30T12:32:41","slug":"exproprieri-acumularea-mihaileni","status":"publish","type":"page","link":"https:\/\/crisuri.rowater.ro\/?page_id=2622","title":{"rendered":"Exproprieri Acumularea Mih\u0103ileni"},"content":{"rendered":"<p>[vc_row][vc_column][vc_column_text]<span id=\"A4\" class=\"S_PAR\">Av\u00e2nd \u00een vedere dispozi\u0163iile\u00a0<a title=\"\" data-original-title=\"\">Hot\u0103r\u00e2rii Guvernului nr. 637\/2018<\/a>\u00a0privind reaprobarea obiectivului de investi\u0163ii \u201eAcumularea Mih\u0103ileni pe r\u00e2ul Cri\u015ful Alb, jude\u0163ul Hunedoara\u201c, precum \u015fi a caracteristicilor principale \u015fi a indicatorilor tehnico-economici aferen\u0163i acestuia, prin care s-au aprobat indicatorii tehnico-economici ai obiectivului de investi\u0163ii de interes na\u0163ional \u015fi utilitate public\u0103 \u201eAcumularea Mih\u0103ileni pe r\u00e2ul Cri\u015ful Alb, jude\u0163ul Hunedoara\u201c,<\/span><span id=\"A5\" class=\"S_PAR\">\u00een temeiul\u00a0<a title=\"\" data-original-title=\"\">art. 108 din Constitu\u0163ia Rom\u00e2niei, republicat\u0103<\/a>, precum \u015fi al\u00a0<a>art. 5 alin. (1)<\/a>\u00a0\u015fi\u00a0<a title=\"\" data-original-title=\"\">art. 12 alin. (1) din Legea nr. 255\/2010<\/a>\u00a0privind exproprierea pentru cauz\u0103 de utilitate public\u0103, necesar\u0103 realiz\u0103rii unor obiective de interes na\u0163ional, jude\u0163ean \u015fi local, cu modific\u0103rile \u015fi complet\u0103rile ulterioare,<\/span><span id=\"A6\" class=\"S_PAR\">Guvernul Rom\u00e2niei adopt\u0103 prezenta hot\u0103r\u00e2re.<\/span><\/p>\n<p style=\"padding-left: 40px;\"><a href=\"https:\/\/crisuri.rowater.ro\/wp-content\/uploads\/2022\/07\/HOTaRaRE-nr612-din-4-mai-2022.pdf\">HOT\u0102R\u00c2RE nr. 612 din 4 mai 2022<\/a><\/p>\n<p>\u00a0 \u00a0 \u00a0 \u00a0 \u00a0 <a href=\"https:\/\/crisuri.rowater.ro\/wp-content\/uploads\/2023\/05\/Decizia-de-Expropriere-nr.473-din-19.05.2023-Anexa.pdf\">Decizia de Expropriere nr.473 din 19.05.2023 + Anexa<\/a><\/p>\n<p style=\"padding-left: 40px;\"><a href=\"https:\/\/crisuri.rowater.ro\/wp-content\/uploads\/2023\/05\/Decizie-Comisie-nr.211-din-24.05.2023.pdf\">Decizie Comisie nr.211 din 24.05.2023<\/a><\/p>\n<p>Planuri de situa\u021bie Acumularea Mih\u0103ileni<\/p>\n<p style=\"padding-left: 40px;\"><a href=\"https:\/\/crisuri.rowater.ro\/wp-content\/uploads\/2022\/07\/Plan-de-Situatie-1-Mihaileni.pdf\">Plan de Situatie 1-Mihaileni<\/a><\/p>\n<p style=\"padding-left: 40px;\"><a href=\"https:\/\/crisuri.rowater.ro\/wp-content\/uploads\/2022\/07\/Plan-de-Situatie-2-Mihaileni.pdf\">Plan de Situatie 2-Mihaileni<\/a><\/p>\n<p style=\"padding-left: 40px;\"><a href=\"https:\/\/crisuri.rowater.ro\/wp-content\/uploads\/2022\/07\/Plan-de-Situatie-Zdrapti.pdf\">Plan de Situatie -Zdrapti<\/a><\/p>\n<p>&nbsp;[\/vc_column_text][\/vc_column][\/vc_row]<\/p>\n","protected":false},"excerpt":{"rendered":"<p>[vc_row][vc_column][vc_column_text]Av\u00e2nd \u00een vedere dispozi\u0163iile\u00a0Hot\u0103r\u00e2rii Guvernului nr. 637\/2018\u00a0privind reaprobarea obiectivului de investi\u0163ii \u201eAcumularea Mih\u0103ileni pe r\u00e2ul Cri\u015ful Alb, jude\u0163ul Hunedoara\u201c, precum \u015fi a caracteristicilor principale \u015fi a indicatorilor tehnico-economici aferen\u0163i acestuia,\u2026<\/p>\n","protected":false},"author":1,"featured_media":0,"parent":0,"menu_order":0,"comment_status":"closed","ping_status":"closed","template":"","meta":{"footnotes":""},"class_list":["post-2622","page","type-page","status-publish","hentry"],"_links":{"self":[{"href":"https:\/\/crisuri.rowater.ro\/index.php?rest_route=\/wp\/v2\/pages\/2622","targetHints":{"allow":["GET"]}}],"collection":[{"href":"https:\/\/crisuri.rowater.ro\/index.php?rest_route=\/wp\/v2\/pages"}],"about":[{"href":"https:\/\/crisuri.rowater.ro\/index.php?rest_route=\/wp\/v2\/types\/page"}],"author":[{"embeddable":true,"href":"https:\/\/crisuri.rowater.ro\/index.php?rest_route=\/wp\/v2\/users\/1"}],"replies":[{"embeddable":true,"href":"https:\/\/crisuri.rowater.ro\/index.php?rest_route=%2Fwp%2Fv2%2Fcomments&post=2622"}],"version-history":[{"count":8,"href":"https:\/\/crisuri.rowater.ro\/index.php?rest_route=\/wp\/v2\/pages\/2622\/revisions"}],"predecessor-version":[{"id":4702,"href":"https:\/\/crisuri.rowater.ro\/index.php?rest_route=\/wp\/v2\/pages\/2622\/revisions\/4702"}],"wp:attachment":[{"href":"https:\/\/crisuri.rowater.ro\/index.php?rest_route=%2Fwp%2Fv2%2Fmedia&parent=2622"}],"curies":[{"name":"wp","href":"https:\/\/api.w.org\/{rel}","templated":true}]}}