{"id":2779,"date":"2022-08-23T13:11:34","date_gmt":"2022-08-23T11:11:34","guid":{"rendered":"https:\/\/crisuri.rowater.ro\/?page_id=2779"},"modified":"2022-08-23T13:15:25","modified_gmt":"2022-08-23T11:15:25","slug":"plan-egalitate-de-sanse","status":"publish","type":"page","link":"https:\/\/crisuri.rowater.ro\/?page_id=2779","title":{"rendered":"Plan egalitate de \u0219anse"},"content":{"rendered":"<p>[vc_row][vc_column][vc_column_text]<a href=\"https:\/\/crisuri.rowater.ro\/wp-content\/uploads\/2022\/08\/Plan-Egalitate-de-sanse-ABA-Crisuri-2022.pdf\">PLAN DE AC\u0162IUNE pentru implementarea strategiei na\u0163ionale privind promovarea egalit\u0103\u0163ii de \u015fanse \u015fi de tratament \u00eentre femei \u015fi b\u0103rba\u0163i pentru perioada 2021-2027<\/a>[\/vc_column_text][\/vc_column][\/vc_row]<\/p>\n","protected":false},"excerpt":{"rendered":"<p>[vc_row][vc_column][vc_column_text]PLAN DE AC\u0162IUNE pentru implementarea strategiei na\u0163ionale privind promovarea egalit\u0103\u0163ii de \u015fanse \u015fi de tratament \u00eentre femei \u015fi b\u0103rba\u0163i pentru perioada 2021-2027[\/vc_column_text][\/vc_column][\/vc_row]<\/p>\n","protected":false},"author":1,"featured_media":0,"parent":0,"menu_order":0,"comment_status":"closed","ping_status":"closed","template":"","meta":{"footnotes":""},"class_list":["post-2779","page","type-page","status-publish","hentry"],"_links":{"self":[{"href":"https:\/\/crisuri.rowater.ro\/index.php?rest_route=\/wp\/v2\/pages\/2779","targetHints":{"allow":["GET"]}}],"collection":[{"href":"https:\/\/crisuri.rowater.ro\/index.php?rest_route=\/wp\/v2\/pages"}],"about":[{"href":"https:\/\/crisuri.rowater.ro\/index.php?rest_route=\/wp\/v2\/types\/page"}],"author":[{"embeddable":true,"href":"https:\/\/crisuri.rowater.ro\/index.php?rest_route=\/wp\/v2\/users\/1"}],"replies":[{"embeddable":true,"href":"https:\/\/crisuri.rowater.ro\/index.php?rest_route=%2Fwp%2Fv2%2Fcomments&post=2779"}],"version-history":[{"count":3,"href":"https:\/\/crisuri.rowater.ro\/index.php?rest_route=\/wp\/v2\/pages\/2779\/revisions"}],"predecessor-version":[{"id":2785,"href":"https:\/\/crisuri.rowater.ro\/index.php?rest_route=\/wp\/v2\/pages\/2779\/revisions\/2785"}],"wp:attachment":[{"href":"https:\/\/crisuri.rowater.ro\/index.php?rest_route=%2Fwp%2Fv2%2Fmedia&parent=2779"}],"curies":[{"name":"wp","href":"https:\/\/api.w.org\/{rel}","templated":true}]}}