{"id":305,"date":"2021-05-05T11:23:10","date_gmt":"2021-05-05T09:23:10","guid":{"rendered":"https:\/\/apecrisuri.ro\/?page_id=305"},"modified":"2024-10-09T13:58:57","modified_gmt":"2024-10-09T11:58:57","slug":"alte-anunturi","status":"publish","type":"page","link":"https:\/\/crisuri.rowater.ro\/?page_id=305","title":{"rendered":"ALTE ANUN\u021aURI"},"content":{"rendered":"<p>[vc_row][vc_column][vc_column_text]&nbsp;<\/p>\n<p><a href=\"https:\/\/crisuri.rowater.ro\/wp-content\/uploads\/2024\/09\/240905_Anunt-de-publicat_dezbatere.pdf\">Anunt dezbatere <em>asupra depunerii Raportului privind impactul asupra mediului, pentru proiectul <\/em><strong><em>CONTINUAREA LUCR\u0102RILOR DE EXECU\u021aIE LA OBIECTUL DE INVESTI\u021aIE: \u00abAMENAJAREA VALEA C\u0102LATA\u00bb -OBIECT ACUMULAREA C\u0102LATA\u201d \u00een comuna C\u0103l\u0103\u021bele \u0219i comuna S\u00e2ncraiu, jude\u021bul Cluj<\/em><\/strong><\/a><\/p>\n<p style=\"padding-left: 40px;\">-Linkul cu accesul la teleconferin\u0163a pentru Dezbaterea public\u0103 din data de 10.10.2024, ora 15:30:<\/p>\n<p style=\"padding-left: 40px;\"><a href=\"https:\/\/us06web.zoom.us\/j\/84798020484?pwd=ifc7x8fa3bk4awzQCn0wjGWQ38LqIw.1\">https:\/\/us06web.zoom.us\/j\/84798020484?pwd=ifc7x8fa3bk4awzQCn0wjGWQ38LqIw.1<\/a><\/p>\n<p>&nbsp;<\/p>\n<p>&nbsp;<\/p>\n<p><a href=\"https:\/\/crisuri.rowater.ro\/wp-content\/uploads\/2023\/11\/raport-studiu-impact.pdf\">\u00cembun\u0103t\u0103\u021birea condi\u021biilor de func\u021bionare \u00een siguran\u021b\u0103 a aacumul\u0103rii Le\u0219u, jud. Bihor -Raport studiu impact<\/a><\/p>\n<p><a href=\"https:\/\/crisuri.rowater.ro\/wp-content\/uploads\/2023\/11\/Evaluare-adecvata-Lesu.pdf\">\u00a0\u00cembun\u0103t\u0103\u021birea condi\u021biilor de func\u021bionare \u00een siguran\u021b\u0103 a acumul\u0103rii Le\u0219u &#8211; Evaluare adecvata<\/a><\/p>\n<p><a href=\"https:\/\/crisuri.rowater.ro\/wp-content\/uploads\/2023\/12\/Anunt-Acord-Mediu.pdf\">\u00cembun\u0103t\u0103\u021birea condi\u021biilor de func\u021bionare \u00een siguran\u021b\u0103 a acumul\u0103rii Le\u0219u &#8211; Anunt Acord Mediu<\/a>[\/vc_column_text][\/vc_column][\/vc_row]<\/p>\n","protected":false},"excerpt":{"rendered":"<p>[vc_row][vc_column][vc_column_text]&nbsp; Anunt dezbatere asupra depunerii Raportului privind impactul asupra mediului, pentru proiectul CONTINUAREA LUCR\u0102RILOR DE EXECU\u021aIE LA OBIECTUL DE INVESTI\u021aIE: \u00abAMENAJAREA VALEA C\u0102LATA\u00bb -OBIECT ACUMULAREA C\u0102LATA\u201d \u00een comuna C\u0103l\u0103\u021bele \u0219i\u2026<\/p>\n","protected":false},"author":1,"featured_media":0,"parent":0,"menu_order":0,"comment_status":"closed","ping_status":"closed","template":"","meta":{"footnotes":""},"class_list":["post-305","page","type-page","status-publish","hentry"],"_links":{"self":[{"href":"https:\/\/crisuri.rowater.ro\/index.php?rest_route=\/wp\/v2\/pages\/305","targetHints":{"allow":["GET"]}}],"collection":[{"href":"https:\/\/crisuri.rowater.ro\/index.php?rest_route=\/wp\/v2\/pages"}],"about":[{"href":"https:\/\/crisuri.rowater.ro\/index.php?rest_route=\/wp\/v2\/types\/page"}],"author":[{"embeddable":true,"href":"https:\/\/crisuri.rowater.ro\/index.php?rest_route=\/wp\/v2\/users\/1"}],"replies":[{"embeddable":true,"href":"https:\/\/crisuri.rowater.ro\/index.php?rest_route=%2Fwp%2Fv2%2Fcomments&post=305"}],"version-history":[{"count":10,"href":"https:\/\/crisuri.rowater.ro\/index.php?rest_route=\/wp\/v2\/pages\/305\/revisions"}],"predecessor-version":[{"id":7005,"href":"https:\/\/crisuri.rowater.ro\/index.php?rest_route=\/wp\/v2\/pages\/305\/revisions\/7005"}],"wp:attachment":[{"href":"https:\/\/crisuri.rowater.ro\/index.php?rest_route=%2Fwp%2Fv2%2Fmedia&parent=305"}],"curies":[{"name":"wp","href":"https:\/\/api.w.org\/{rel}","templated":true}]}}