{"id":3364,"date":"2023-02-07T10:21:20","date_gmt":"2023-02-07T08:21:20","guid":{"rendered":"https:\/\/crisuri.rowater.ro\/?page_id=3364"},"modified":"2023-04-04T07:52:20","modified_gmt":"2023-04-04T05:52:20","slug":"exproprieri-felix","status":"publish","type":"page","link":"https:\/\/crisuri.rowater.ro\/?page_id=3364","title":{"rendered":"Anun\u021b expropriere &#8222;Amenajare \u0219i reabilitare ecologic\u0103 a r\u00e2ului Cri\u0219ul Repede, jud.BH&#8221;"},"content":{"rendered":"<p>[vc_row][vc_column][vc_column_text]<\/p>\n<p style=\"font-weight: 400; text-align: center;\"><strong>ANUN\u0162<\/strong><\/p>\n<p style=\"font-weight: 400;\"><strong>\u00a0<\/strong>\u00a0\u00a0\u00a0\u00a0\u00a0\u00a0\u00a0\u00a0\u00a0\u00a0\u00a0\u00a0\u00a0\u00a0Avand in vedere\u00a0<strong>HOT\u0102R\u00c2REA<\/strong><strong>\u00a0<\/strong><strong>GUVERNULUI\u00a0\u00a0nr. 1.559 din 28 decembrie 2022<\/strong>\u00a0<em>privind aprobarea amplasamentului \u015fi declan\u015farea procedurilor de expropriere a tuturor imobilelor<\/em>\u00a0proprietate privat\u0103 care constituie coridorul de expropriere al lucr\u0103rii de utilitate public\u0103 de interes na\u0163ional\u00a0<em>&#8222;<strong>Amenajare \u015fi reabilitare ecologic\u0103 a r\u00e2ului Cri\u015ful Repede, jude\u0163ul Bihor&#8221;\u00a0<\/strong><\/em>si demararea Procedurii de Expropriere aferenta,\u00a0<strong><em>\u00a0<\/em><\/strong><\/p>\n<p style=\"font-weight: 400;\">\u00a0\u00a0\u00a0\u00a0\u00a0\u00a0\u00a0\u00a0\u00a0\u00a0\u00a0\u00a0\u00a0In temeiul art 8 alin.1) din Legea 255 \/ 2010\u00a0<em>privind exproprierea pentru cauz\u0103 de utilitate public\u0103, necesar\u0103 realiz\u0103rii unor obiective de interes na\u0163ional, jude\u0163ean \u015fi local<\/em>\u00a0,<\/p>\n<p style=\"font-weight: 400;\">\u00a0\u00a0\u00a0\u00a0\u00a0\u00a0\u00a0\u00a0\u00a0\u00a0\u00a0\u00a0<strong>ADMINISTRA\u0162IA NA\u0162IONAL\u0102 APELE ROM\u00c2NE &#8211; Administra\u021bia Bazinal\u0103 de Ap\u0103 Cri\u0219uri<\/strong>, institu\u0163ie public\u0103 cu sediul \u00een Oradea, str. Ion Bogdan, nr. 35, cod de \u00eenregistrare fiscal\u0103 RO 23782674 cod IBAN: RO43 TREZ 0765 0220 1X01 4959- Trezoreria Oradea, reprezentat\u0103 legal\u00a0\u00a0prin director &#8211; ing. Sandor PASZTOR, procedeaza la\u00a0\u00a0:<\/p>\n<p style=\"font-weight: 400;\"><strong>AFI\u015eAREA LISTEI IMOBILELOR CE URMEAZ\u0102 A FI EXPROPRIATE si PLANURILE DE AMPLASAMENT<\/strong><\/p>\n<p style=\"font-weight: 400;\"><strong>\u00a0<\/strong><strong>\u00a0\u00a0\u00a0\u00a0\u00a0\u00a0\u00a0<\/strong>\u00a0Prezentei atasam, pentru luarea la cunostinta,\u00a0\u00a0LISTA cuprinz\u00e2nd imobilele proprietate privat\u0103 supuse exproprierii, situate pe raza comunei S\u00e2nmartin, satele Cord\u0103u \u015fi Haieu, jude\u0163ul Bihor, proprietarii sau de\u0163in\u0103torii acestora, precum \u015fi sumele individuale aferente desp\u0103gubirilor, ce constituie\u00a0Anexa nr.2 din H.G nr.1559 \/ 2022\u00a0\u00a0precum si Planurile de Amplasament care contin coridorul de de expropriere a lucrarii utilitate publica .<\/p>\n<p style=\"font-weight: 400;\">\u00a0\u00a0\u00a0\u00a0\u00a0\u00a0\u00a0\u00cen termen de 20 de zile calendaristice\u00a0<u>de la data primirii Notific\u0103rii emise de Expropriator<\/u>, proprietarii imobilelor cuprinse \u00een list\u0103 au obliga\u0163ia prezent\u0103rii la sediul Expropriatorului &#8211; Administratia Bazinala de Apa Crisuri, situat \u00een Oradea, str. I.Bogdan nr. 35, \u00een vederea depunerii documentelor care s\u0103 ateste dreptul de proprietate sau alt drept real pentru stabilirea unei juste desp\u0103gubiri precum si a\u00a0\u00a0Cererii pentru plata despagubirilor.<\/p>\n<p style=\"font-weight: 400;\">\u00a0\u00a0\u00a0\u00a0\u00a0\u00a0\u00a0\u00a0\u00a0\u00a0\u00a0\u00a0In Cererea (model) pentru plata desp\u0103guririlor vor fi precizate urm\u0103toarele elemente:<\/p>\n<ul>\n<li style=\"font-weight: 400;\">numele \u015fi prenumele persoanei\/persoanelor interesate;<\/li>\n<li style=\"font-weight: 400;\">adresa de domiciliu \/ sediu \/ coresponden\u021b\u0103;<\/li>\n<li style=\"font-weight: 400;\">actele doveditoare referitoare la existen\u0163a drepturilor reale asupra bunului imobil expropriat, \u00een original sau \u00een copie legalizat\u0103;<\/li>\n<li style=\"font-weight: 400;\">op\u021biunea privind cuantumul desp\u0103gubirii;<\/li>\n<li style=\"font-weight: 400;\">\u00een cazul \u00een care exist\u0103 mai multe persoane interesate cu privire la imobilul supus exproprierii, cererea va fi semnat\u0103 de to\u0163i, personal sau prin mandatar \u00eemputernicit cu procur\u0103 special\u0103 autentic\u0103, iar procura se va ata\u0219a cererii.<\/li>\n<\/ul>\n<p><a href=\"https:\/\/crisuri.rowater.ro\/wp-content\/uploads\/2023\/02\/HG-1559-din-2022-.pdf\">Hot\u0103r\u00e2re nr.1559 din 28 decembrie 2022<\/a><\/p>\n<p><a href=\"https:\/\/crisuri.rowater.ro\/wp-content\/uploads\/2023\/02\/Doc-TOPO-Planse.pdf\">Planuri de amplasament<\/a><\/p>\n<p><a href=\"https:\/\/crisuri.rowater.ro\/wp-content\/uploads\/2023\/02\/ANUNT-pag.internet.pdf\">ANUNT <\/a><\/p>\n<p><a href=\"https:\/\/crisuri.rowater.ro\/wp-content\/uploads\/2023\/02\/CERERE-TIP-fdoc.doc\">CERERE TIP<\/a><\/p>\n<p><a href=\"https:\/\/crisuri.rowater.ro\/wp-content\/uploads\/2023\/03\/Decizie-de-Expropriere-226-din-16.03.2023-Anexa.pdf\">Decizie de Expropriere 226 din 16.03.2023<\/a><\/p>\n<p><a href=\"https:\/\/crisuri.rowater.ro\/wp-content\/uploads\/2023\/04\/Decizia-128-din-23.03.2023-Comisie-Verificare-drept-de-proprietate.pdf\">Decizia 128 din 23.03.2023 Comisie Verificare drept de proprietate<\/a>[\/vc_column_text][\/vc_column][\/vc_row]<\/p>\n","protected":false},"excerpt":{"rendered":"<p>[vc_row][vc_column][vc_column_text] ANUN\u0162 \u00a0\u00a0\u00a0\u00a0\u00a0\u00a0\u00a0\u00a0\u00a0\u00a0\u00a0\u00a0\u00a0\u00a0\u00a0Avand in vedere\u00a0HOT\u0102R\u00c2REA\u00a0GUVERNULUI\u00a0\u00a0nr. 1.559 din 28 decembrie 2022\u00a0privind aprobarea amplasamentului \u015fi declan\u015farea procedurilor de expropriere a tuturor imobilelor\u00a0proprietate privat\u0103 care constituie coridorul de expropriere al lucr\u0103rii de utilitate\u2026<\/p>\n","protected":false},"author":1,"featured_media":0,"parent":0,"menu_order":0,"comment_status":"closed","ping_status":"closed","template":"","meta":{"footnotes":""},"class_list":["post-3364","page","type-page","status-publish","hentry"],"_links":{"self":[{"href":"https:\/\/crisuri.rowater.ro\/index.php?rest_route=\/wp\/v2\/pages\/3364","targetHints":{"allow":["GET"]}}],"collection":[{"href":"https:\/\/crisuri.rowater.ro\/index.php?rest_route=\/wp\/v2\/pages"}],"about":[{"href":"https:\/\/crisuri.rowater.ro\/index.php?rest_route=\/wp\/v2\/types\/page"}],"author":[{"embeddable":true,"href":"https:\/\/crisuri.rowater.ro\/index.php?rest_route=\/wp\/v2\/users\/1"}],"replies":[{"embeddable":true,"href":"https:\/\/crisuri.rowater.ro\/index.php?rest_route=%2Fwp%2Fv2%2Fcomments&post=3364"}],"version-history":[{"count":11,"href":"https:\/\/crisuri.rowater.ro\/index.php?rest_route=\/wp\/v2\/pages\/3364\/revisions"}],"predecessor-version":[{"id":4060,"href":"https:\/\/crisuri.rowater.ro\/index.php?rest_route=\/wp\/v2\/pages\/3364\/revisions\/4060"}],"wp:attachment":[{"href":"https:\/\/crisuri.rowater.ro\/index.php?rest_route=%2Fwp%2Fv2%2Fmedia&parent=3364"}],"curies":[{"name":"wp","href":"https:\/\/api.w.org\/{rel}","templated":true}]}}