{"id":3929,"date":"2023-03-21T12:23:54","date_gmt":"2023-03-21T10:23:54","guid":{"rendered":"https:\/\/crisuri.rowater.ro\/?page_id=3929"},"modified":"2023-07-14T09:35:49","modified_gmt":"2023-07-14T07:35:49","slug":"invitatii-de-participare-2023","status":"publish","type":"page","link":"https:\/\/crisuri.rowater.ro\/?page_id=3929","title":{"rendered":"Invita\u021bii de participare 2023"},"content":{"rendered":"<p>[vc_row equal_height=&#8221;yes&#8221; content_placement=&#8221;middle&#8221; css=&#8221;.vc_custom_1641372561191{border-bottom-width: 3px !important;background-color: #93c9ff !important;border-bottom-color: #1e73be !important;border-bottom-style: solid !important;}&#8221;][vc_column width=&#8221;1\/12&#8243;][vc_column_text]Nr. Crt.[\/vc_column_text][\/vc_column][vc_column width=&#8221;4\/12&#8243;][vc_column_text]Descriere[\/vc_column_text][\/vc_column][vc_column width=&#8221;2\/12&#8243;][vc_column_text]Data public\u0103rii[\/vc_column_text][\/vc_column][vc_column width=&#8221;2\/12&#8243;][vc_column_text]<strong>Data limit\u0103 <\/strong><strong>depunere oferte<\/strong>[\/vc_column_text][\/vc_column][vc_column width=&#8221;2\/12&#8243;][vc_column_text]Documenta\u021bie Clarific\u0103ri[\/vc_column_text][\/vc_column][vc_column width=&#8221;1\/12&#8243;][vc_column_text]Stare[\/vc_column_text][\/vc_column][\/vc_row][vc_row equal_height=&#8221;yes&#8221; content_placement=&#8221;top&#8221; css=&#8221;.vc_custom_1641372380780{border-bottom-width: 2px !important;border-bottom-color: #1e73be !important;}&#8221;][vc_column width=&#8221;1\/12&#8243;][vc_column_text][\/vc_column_text][\/vc_column][vc_column width=&#8221;4\/12&#8243;][vc_column_text][\/vc_column_text][\/vc_column][vc_column width=&#8221;2\/12&#8243;][vc_column_text][\/vc_column_text][\/vc_column][vc_column width=&#8221;2\/12&#8243;][vc_column_text]&nbsp;<\/p>\n<p>&nbsp;[\/vc_column_text][\/vc_column][vc_column width=&#8221;2\/12&#8243;][vc_column_text][\/vc_column_text][\/vc_column][vc_column width=&#8221;1\/12&#8243;][vc_column_text][\/vc_column_text][\/vc_column][\/vc_row][vc_row equal_height=&#8221;yes&#8221; content_placement=&#8221;top&#8221; css=&#8221;.vc_custom_1641372380780{border-bottom-width: 2px !important;border-bottom-color: #1e73be !important;}&#8221;][vc_column width=&#8221;1\/12&#8243;][vc_column_text]3[\/vc_column_text][\/vc_column][vc_column width=&#8221;4\/12&#8243;][vc_column_text]<a href=\"https:\/\/crisuri.rowater.ro\/wp-content\/uploads\/2023\/06\/anSupravTehnSedii.pdf\">Achizi\u021bie direct\u0103 &#8211; Servicii de supraveghere tehnic\u0103 (dirigin\u021bie de \u0219antier) a execu\u021biei lucr\u0103rilor de C+M pentru proiectul &#8222;Modernizarea sediilor de exploatare ale Administra\u021biei Bazinale de Ap\u0103 Cri\u0219uri prin dotarea cu echipamente generatoare de energie regenerabil\u0103 \u0219i nepoluant\u0103&#8221;\u00a0<\/a>[\/vc_column_text][\/vc_column][vc_column width=&#8221;2\/12&#8243;][vc_column_text]23.06.2023[\/vc_column_text][vc_column_text][\/vc_column_text][\/vc_column][vc_column width=&#8221;2\/12&#8243;][vc_column_text]05.07.2023[\/vc_column_text][\/vc_column][vc_column width=&#8221;2\/12&#8243;][vc_column_text]<a href=\"https:\/\/crisuri.rowater.ro\/wp-content\/uploads\/2023\/06\/CaietSuprav.pdf\">Caiet de sarcini<\/a><\/p>\n<p><a href=\"https:\/\/crisuri.rowater.ro\/wp-content\/uploads\/2023\/06\/ModelContractSuprav.pdf\">Contract<\/a><\/p>\n<p><a href=\"https:\/\/crisuri.rowater.ro\/wp-content\/uploads\/2023\/06\/FisaSupr.pdf\">Fi\u0219a de date<\/a><\/p>\n<p><a href=\"https:\/\/crisuri.rowater.ro\/wp-content\/uploads\/2023\/06\/FormulareSuprav.pdf\">Formulare<\/a>[\/vc_column_text][\/vc_column][vc_column width=&#8221;1\/12&#8243;][vc_column_text]<a href=\"https:\/\/crisuri.rowater.ro\/wp-content\/uploads\/2023\/07\/atrSupravTehnSedii.pdf\">Atribuit<\/a>[\/vc_column_text][\/vc_column][\/vc_row][vc_row equal_height=&#8221;yes&#8221; content_placement=&#8221;top&#8221; css=&#8221;.vc_custom_1641372380780{border-bottom-width: 2px !important;border-bottom-color: #1e73be !important;}&#8221;][vc_column width=&#8221;1\/12&#8243;][vc_column_text]2[\/vc_column_text][\/vc_column][vc_column width=&#8221;4\/12&#8243;][vc_column_text]<a href=\"https:\/\/crisuri.rowater.ro\/wp-content\/uploads\/2023\/05\/anStudiiCrisulRepede.pdf\">Achizi\u021bie direct\u0103\u00a0 &#8211; Servicii de elaborare studii topografice, geotehnice \u0219i amenajarea \u0219i revitalizarea peisajului natural<br \/>\n\u201cEliminarea obstacolelor din cursurile de ap\u0103 \u00een scopul facilit\u0103rii refacerii conectivit\u0103\u021bii habitatelor \u0219i speciilor dependente de ap\u0103\u201d<br \/>\nOb. Dezvoltarea complex\u0103 a ecosistemului r\u00e2ului Cri\u015ful Repede pe sectorul aval Oradea &#8211; frontiera rom\u00e2no \u2013 maghiar\u0103<\/a><\/p>\n<p>&nbsp;[\/vc_column_text][\/vc_column][vc_column width=&#8221;2\/12&#8243;][vc_column_text]11.05.2023[\/vc_column_text][\/vc_column][vc_column width=&#8221;2\/12&#8243;][vc_column_text]18.05.2023<\/p>\n<p>&nbsp;[\/vc_column_text][\/vc_column][vc_column width=&#8221;2\/12&#8243;][vc_column_text]<a href=\"https:\/\/crisuri.rowater.ro\/wp-content\/uploads\/2023\/05\/CaietStudiiCrisulRepede.pdf\">Caiet de sarcini<\/a><\/p>\n<p><a href=\"https:\/\/crisuri.rowater.ro\/wp-content\/uploads\/2023\/05\/ContractStudii-CrisulRepede.pdf\">Contract<\/a><\/p>\n<p><a href=\"https:\/\/crisuri.rowater.ro\/wp-content\/uploads\/2023\/05\/FisaDateStudiiCrisulRepede.pdf\">Fi\u0219a de date<\/a><\/p>\n<p><a href=\"https:\/\/crisuri.rowater.ro\/wp-content\/uploads\/2023\/05\/FormulareStudiiCrisulRepede.pdf\">Formulare<\/a>[\/vc_column_text][\/vc_column][vc_column width=&#8221;1\/12&#8243;][vc_column_text]<a href=\"https:\/\/crisuri.rowater.ro\/wp-content\/uploads\/2023\/06\/AtrServTopoCad.pdf\">Atribuit<\/a>[\/vc_column_text][\/vc_column][\/vc_row][vc_row equal_height=&#8221;yes&#8221; content_placement=&#8221;top&#8221; css=&#8221;.vc_custom_1641372380780{border-bottom-width: 2px !important;border-bottom-color: #1e73be !important;}&#8221;][vc_column width=&#8221;1\/12&#8243;][vc_column_text]1[\/vc_column_text][\/vc_column][vc_column width=&#8221;4\/12&#8243;][vc_column_text]<a href=\"https:\/\/crisuri.rowater.ro\/wp-content\/uploads\/2023\/03\/InvServTopoCad.pdf\">Achizi\u021bie direct\u0103 &#8211; Servicii de elaborare a documenta\u021biilor topo-cadastrale necesare \u00eenscrierii \u00een Cartea Funciar\u0103 a dreptului de proprietate al Statului Rom\u00e2n \u0219i al dreptului de administrare al Administra\u021biei Na\u021bionale &#8222;Apele Rom\u00e2ne&#8221; &#8211; Administra\u021bia Bazinal\u0103 de Ap\u0103 Cri\u0219uri, asupra imobilelor din domeniul public al statului<\/a>[\/vc_column_text][\/vc_column][vc_column width=&#8221;2\/12&#8243;][vc_column_text]21.03.2023[\/vc_column_text][\/vc_column][vc_column width=&#8221;2\/12&#8243;][vc_column_text]29.03.2023[\/vc_column_text][\/vc_column][vc_column width=&#8221;2\/12&#8243;][vc_column_text]<a href=\"https:\/\/crisuri.rowater.ro\/wp-content\/uploads\/2023\/03\/CaietServTopoCad.pdf\">Caiet de sarcini<\/a><\/p>\n<p><a href=\"https:\/\/crisuri.rowater.ro\/wp-content\/uploads\/2023\/03\/ContractServTopoCad.pdf\">Contract<\/a><\/p>\n<p><a href=\"https:\/\/crisuri.rowater.ro\/wp-content\/uploads\/2023\/03\/FisaDateServTopoCad.pdf\">Fi\u0219a de date<\/a><\/p>\n<p><a href=\"https:\/\/crisuri.rowater.ro\/wp-content\/uploads\/2023\/03\/FormulareServTopoCad.pdf\">Formulare<\/a>[\/vc_column_text][\/vc_column][vc_column width=&#8221;1\/12&#8243;][vc_column_text]<a href=\"https:\/\/crisuri.rowater.ro\/wp-content\/uploads\/2023\/05\/atrServCadastr.pdf\">Atribuit<\/a>[\/vc_column_text][\/vc_column][\/vc_row]<\/p>\n","protected":false},"excerpt":{"rendered":"<p>[vc_row equal_height=&#8221;yes&#8221; content_placement=&#8221;middle&#8221; css=&#8221;.vc_custom_1641372561191{border-bottom-width: 3px !important;background-color: #93c9ff !important;border-bottom-color: #1e73be !important;border-bottom-style: solid !important;}&#8221;][vc_column width=&#8221;1\/12&#8243;][vc_column_text]Nr. Crt.[\/vc_column_text][\/vc_column][vc_column width=&#8221;4\/12&#8243;][vc_column_text]Descriere[\/vc_column_text][\/vc_column][vc_column width=&#8221;2\/12&#8243;][vc_column_text]Data public\u0103rii[\/vc_column_text][\/vc_column][vc_column width=&#8221;2\/12&#8243;][vc_column_text]Data limit\u0103 depunere oferte[\/vc_column_text][\/vc_column][vc_column width=&#8221;2\/12&#8243;][vc_column_text]Documenta\u021bie Clarific\u0103ri[\/vc_column_text][\/vc_column][vc_column width=&#8221;1\/12&#8243;][vc_column_text]Stare[\/vc_column_text][\/vc_column][\/vc_row][vc_row equal_height=&#8221;yes&#8221; content_placement=&#8221;top&#8221; css=&#8221;.vc_custom_1641372380780{border-bottom-width: 2px !important;border-bottom-color: #1e73be\u2026<\/p>\n","protected":false},"author":1,"featured_media":0,"parent":0,"menu_order":0,"comment_status":"closed","ping_status":"closed","template":"","meta":{"footnotes":""},"class_list":["post-3929","page","type-page","status-publish","hentry"],"_links":{"self":[{"href":"https:\/\/crisuri.rowater.ro\/index.php?rest_route=\/wp\/v2\/pages\/3929","targetHints":{"allow":["GET"]}}],"collection":[{"href":"https:\/\/crisuri.rowater.ro\/index.php?rest_route=\/wp\/v2\/pages"}],"about":[{"href":"https:\/\/crisuri.rowater.ro\/index.php?rest_route=\/wp\/v2\/types\/page"}],"author":[{"embeddable":true,"href":"https:\/\/crisuri.rowater.ro\/index.php?rest_route=\/wp\/v2\/users\/1"}],"replies":[{"embeddable":true,"href":"https:\/\/crisuri.rowater.ro\/index.php?rest_route=%2Fwp%2Fv2%2Fcomments&post=3929"}],"version-history":[{"count":11,"href":"https:\/\/crisuri.rowater.ro\/index.php?rest_route=\/wp\/v2\/pages\/3929\/revisions"}],"predecessor-version":[{"id":4939,"href":"https:\/\/crisuri.rowater.ro\/index.php?rest_route=\/wp\/v2\/pages\/3929\/revisions\/4939"}],"wp:attachment":[{"href":"https:\/\/crisuri.rowater.ro\/index.php?rest_route=%2Fwp%2Fv2%2Fmedia&parent=3929"}],"curies":[{"name":"wp","href":"https:\/\/api.w.org\/{rel}","templated":true}]}}