{"id":47,"date":"2021-02-22T19:43:41","date_gmt":"2021-02-22T17:43:41","guid":{"rendered":"https:\/\/apecrisuri.ro\/?page_id=47"},"modified":"2025-02-14T10:05:06","modified_gmt":"2025-02-14T08:05:06","slug":"date-de-contact","status":"publish","type":"page","link":"https:\/\/crisuri.rowater.ro\/?page_id=47","title":{"rendered":"Date de Contact"},"content":{"rendered":"<p>[vc_row][vc_column][vc_column_text]<\/p>\n<h2 style=\"text-align: center;\">Administra\u021bia Bazinal\u0103 de Ap\u0103 Cri\u0219uri &#8211; Sediul Central<\/h2>\n<p>[\/vc_column_text][\/vc_column][\/vc_row][vc_row][vc_column][vc_hoverbox image=&#8221;7409&#8243; primary_title=&#8221;&#8221; hover_title=&#8221;Administra\u021bia Bazinal\u0103 de Ap\u0103 Cri\u0219uri &#8211; Sediul Central&#8221; hover_background_color=&#8221;sky&#8221;]<span style=\"color: #000000;\">Oradea &#8211; Str. Atelierelor, Nr. 6-8,<\/span><br \/>\n<span style=\"color: #000000;\">Cod Po\u015ftal 410542<\/span><br \/>\n<span style=\"color: #000000;\">Jude\u0163ul Bihor<\/span><\/p>\n<p><span style=\"color: #000000;\">Telefon: +40 (259) 442 033; +40 (259) 443 892<\/span><br \/>\n<span style=\"color: #000000;\">FAX: +40 (259) 444 237; +40 (259) 442 064<\/span><br \/>\n<span style=\"color: #000000;\">E-mail: dispecerat@dac.rowater.ro; <\/span><span style=\"color: #000000;\">secretariat@dac.rowater.ro<\/span>[\/vc_hoverbox][\/vc_column][vc_column][vc_column_text]<\/p>\n<h2><\/h2>\n<h2 style=\"text-align: center;\"><strong>Sistemul De Gospod\u0103rire a Apelor Bihor (SGA Bihor)\u00a0<\/strong><\/h2>\n<p>[\/vc_column_text][\/vc_column][vc_column][vc_hoverbox image=&#8221;7410&#8243; primary_title=&#8221;&#8221; hover_title=&#8221;Sistemul De Gospod\u0103rire a Apelor Bihor (SGA Bihor)&#8221;]Oradea, str. Ion Bogdan, nr. 35<br \/>\nCod po\u0219tal: 410125<br \/>\nJude\u0163ul Bihor<\/p>\n<p><span style=\"color: #000000;\">Telefon: +40 (259) 423 234<\/span><br \/>\n<span style=\"color: #000000;\">FAX: +40 (259) 423 238<\/span><br \/>\n<span style=\"color: #000000;\">E-mail:\u00a0sgabh@dac.rowater.ro<\/span>[\/vc_hoverbox][\/vc_column][\/vc_row][vc_row][vc_column][vc_column_text]<\/p>\n<form id=\"aspnetForm\" action=\"\/dacrisuri\/Continut%20Site\/Acasa\/Contact.aspx\" method=\"post\" name=\"aspnetForm\">\n<p>&nbsp;<\/p>\n<h2 style=\"text-align: center;\"><strong>Sistemul Hidrotehnic Independent &#8222;Cri\u015f Alb&#8221; (SHI Cri\u015f Alb)\u00a0<\/strong><\/h2>\n<\/form>\n<p>[\/vc_column_text][\/vc_column][\/vc_row][vc_row][vc_column][vc_hoverbox image=&#8221;7414&#8243; primary_title=&#8221;&#8221; hover_title=&#8221;Sistemul Hidrotehnic Independent Cri\u0219 Alb&#8221;]<strong>Sistemul Hidrotehnic Independent &#8222;Cri\u015f Alb&#8221; (SHI Cri\u015f Alb)\u00a0<\/strong><br \/>\nChi\u015fineu-Cri\u015f -Str. \u00cenfr\u0103\u0163irii, Nr. 38,<br \/>\nCod Po\u015ftal 315100<br \/>\nJude\u0163ul Arad[\/vc_hoverbox][\/vc_column][vc_column][vc_column_text]<\/p>\n<h2><\/h2>\n<h2 style=\"text-align: center;\"><strong>Sistemul Hidrotehnic Independent &#8222;Ier&#8221;<\/strong><\/h2>\n<p>[\/vc_column_text][\/vc_column][\/vc_row][vc_row][vc_column][vc_hoverbox image=&#8221;7701&#8243; primary_title=&#8221;&#8221; hover_title=&#8221;Sistemul Hidrotehnic Independent &#8222;Ier&#8222;&#8221;]str. Pet\u0151fi S\u00e1ndor, nr. 31, S\u0103cueni, jud. Bihor<\/p>\n<p>Cod Po\u0219tal: 417435<\/p>\n<p>Tel: +40 359 411 621; +40 359 411 622<\/p>\n<p>e-mail: dispecer.shier@dac.rowater.ro[\/vc_hoverbox][\/vc_column][\/vc_row]<\/p>\n","protected":false},"excerpt":{"rendered":"<p>[vc_row][vc_column][vc_column_text] Administra\u021bia Bazinal\u0103 de Ap\u0103 Cri\u0219uri &#8211; Sediul Central [\/vc_column_text][\/vc_column][\/vc_row][vc_row][vc_column][vc_hoverbox image=&#8221;7409&#8243; primary_title=&#8221;&#8221; hover_title=&#8221;Administra\u021bia Bazinal\u0103 de Ap\u0103 Cri\u0219uri &#8211; Sediul Central&#8221; hover_background_color=&#8221;sky&#8221;]Oradea &#8211; Str. Atelierelor, Nr. 6-8, Cod Po\u015ftal 410542 Jude\u0163ul\u2026<\/p>\n","protected":false},"author":1,"featured_media":0,"parent":0,"menu_order":0,"comment_status":"closed","ping_status":"closed","template":"","meta":{"footnotes":""},"class_list":["post-47","page","type-page","status-publish","hentry"],"_links":{"self":[{"href":"https:\/\/crisuri.rowater.ro\/index.php?rest_route=\/wp\/v2\/pages\/47","targetHints":{"allow":["GET"]}}],"collection":[{"href":"https:\/\/crisuri.rowater.ro\/index.php?rest_route=\/wp\/v2\/pages"}],"about":[{"href":"https:\/\/crisuri.rowater.ro\/index.php?rest_route=\/wp\/v2\/types\/page"}],"author":[{"embeddable":true,"href":"https:\/\/crisuri.rowater.ro\/index.php?rest_route=\/wp\/v2\/users\/1"}],"replies":[{"embeddable":true,"href":"https:\/\/crisuri.rowater.ro\/index.php?rest_route=%2Fwp%2Fv2%2Fcomments&post=47"}],"version-history":[{"count":11,"href":"https:\/\/crisuri.rowater.ro\/index.php?rest_route=\/wp\/v2\/pages\/47\/revisions"}],"predecessor-version":[{"id":7703,"href":"https:\/\/crisuri.rowater.ro\/index.php?rest_route=\/wp\/v2\/pages\/47\/revisions\/7703"}],"wp:attachment":[{"href":"https:\/\/crisuri.rowater.ro\/index.php?rest_route=%2Fwp%2Fv2%2Fmedia&parent=47"}],"curies":[{"name":"wp","href":"https:\/\/api.w.org\/{rel}","templated":true}]}}