{"id":526,"date":"2021-06-29T12:15:46","date_gmt":"2021-06-29T10:15:46","guid":{"rendered":"https:\/\/apecrisuri.ro\/?page_id=526"},"modified":"2022-12-05T11:26:54","modified_gmt":"2022-12-05T09:26:54","slug":"proiect-sipoca-588","status":"publish","type":"page","link":"https:\/\/crisuri.rowater.ro\/?page_id=526","title":{"rendered":"PROIECT SIPOCA 588"},"content":{"rendered":"<p>[vc_row][vc_column][vc_column_text]<\/p>\n<p style=\"padding-left: 80px;\"><a href=\"https:\/\/apecrisuri.ro\/wp-content\/uploads\/2021\/04\/Proiect_SIPOCA_588-1.pdf\">\u201d\u00cembun\u0103t\u0103\u021birea capacit\u0103\u021bii autorit\u0103\u021bii publice centrale \u00een domeniul managementului apelor \u00een ceea ce prive\u0219te planificarea, implementarea \u0219i raportarea cerin\u021belor europene din domeniul apelor\u201d<\/a><\/p>\n<p style=\"padding-left: 80px;\"><a href=\"https:\/\/apecrisuri.ro\/wp-content\/uploads\/2021\/04\/Informare-proiect-SIPOCA588_ABACrisuri-1.pdf\">&#8222;Informare privind derularea activit\u0103\u021bilor din cadrul proiectului SIPOCA 588 &#8211; septembrie 2019 &#8211; aprilie 2020&#8221;<\/a><\/p>\n<p style=\"padding-left: 80px;\"><a href=\"https:\/\/apecrisuri.ro\/wp-content\/uploads\/2021\/04\/Materiale-promotionale-SIPOCA-588-1.pdf\">Materiale promotionale SIPOCA 588<\/a><\/p>\n<p style=\"padding-left: 80px;\"><a href=\"https:\/\/apecrisuri.ro\/wp-content\/uploads\/2021\/06\/Informare-activitati-proiect-SIPOCA-588-ABA-Crisuri-septembrie-2020-februarie-2021.pdf\">Informare activitati proiect SIPOCA 588 ABA Crisuri septembrie 2020-februarie 2021<\/a><\/p>\n<p style=\"padding-left: 80px;\"><a href=\"https:\/\/apecrisuri.ro\/wp-content\/uploads\/2021\/06\/Informare-activitati-Proiect-SIPOCA-588-ABA-Crisuri-martie-2021-iunie-2021.pdf\">Informare activitati Proiect SIPOCA 588 ABA Crisuri martie 2021-iunie 2021<\/a><\/p>\n<p style=\"padding-left: 80px;\"><a href=\"https:\/\/crisuri.rowater.ro\/wp-content\/uploads\/2022\/01\/Informare-activitati-Proiect-SIPOCA-588_iulie-dec-2021.pdf\">Informare activit\u0103\u021bi Proiect SIPOCA 588 ABA Crisuri iulie 2021 &#8211; decembrie 2021<\/a><\/p>\n<p style=\"padding-left: 80px;\"><a href=\"https:\/\/crisuri.rowater.ro\/wp-content\/uploads\/2022\/05\/Informare-activitati-Proiect-SIPOCA-588-ABA-Crisuri-ianuarie_aprilie-2022.pdf\">Informare activit\u0103\u021bi Proiect SIPOCA 588 ABA Crisuri ianuarie 2022 &#8211; aprilie 2022<\/a><\/p>\n<p style=\"padding-left: 80px;\"><a href=\"https:\/\/crisuri.rowater.ro\/wp-content\/uploads\/2022\/12\/Clarificarea-unor-aspecte-pv-sistemele-individuale-adecvate.pdf\">Clarificarea unor aspecte pv sistemele individuale adecvate &#8211; noiembrie 2022<\/a><\/p>\n<p style=\"padding-left: 80px;\"><a href=\"https:\/\/crisuri.rowater.ro\/wp-content\/uploads\/2022\/12\/Prezentare-stadiu-aplicatie-IT-ape-uzate.pdf\">Prezentare-stadiu-aplicatie-IT-ape-uzate &#8211; noiembrie 2022<\/a><\/p>\n<p style=\"padding-left: 80px;\">\n<p>[\/vc_column_text][\/vc_column][\/vc_row]<\/p>\n","protected":false},"excerpt":{"rendered":"<p>[vc_row][vc_column][vc_column_text] \u201d\u00cembun\u0103t\u0103\u021birea capacit\u0103\u021bii autorit\u0103\u021bii publice centrale \u00een domeniul managementului apelor \u00een ceea ce prive\u0219te planificarea, implementarea \u0219i raportarea cerin\u021belor europene din domeniul apelor\u201d &#8222;Informare privind derularea activit\u0103\u021bilor din cadrul proiectului\u2026<\/p>\n","protected":false},"author":1,"featured_media":0,"parent":0,"menu_order":0,"comment_status":"closed","ping_status":"closed","template":"","meta":{"footnotes":""},"class_list":["post-526","page","type-page","status-publish","hentry"],"_links":{"self":[{"href":"https:\/\/crisuri.rowater.ro\/index.php?rest_route=\/wp\/v2\/pages\/526","targetHints":{"allow":["GET"]}}],"collection":[{"href":"https:\/\/crisuri.rowater.ro\/index.php?rest_route=\/wp\/v2\/pages"}],"about":[{"href":"https:\/\/crisuri.rowater.ro\/index.php?rest_route=\/wp\/v2\/types\/page"}],"author":[{"embeddable":true,"href":"https:\/\/crisuri.rowater.ro\/index.php?rest_route=\/wp\/v2\/users\/1"}],"replies":[{"embeddable":true,"href":"https:\/\/crisuri.rowater.ro\/index.php?rest_route=%2Fwp%2Fv2%2Fcomments&post=526"}],"version-history":[{"count":6,"href":"https:\/\/crisuri.rowater.ro\/index.php?rest_route=\/wp\/v2\/pages\/526\/revisions"}],"predecessor-version":[{"id":3146,"href":"https:\/\/crisuri.rowater.ro\/index.php?rest_route=\/wp\/v2\/pages\/526\/revisions\/3146"}],"wp:attachment":[{"href":"https:\/\/crisuri.rowater.ro\/index.php?rest_route=%2Fwp%2Fv2%2Fmedia&parent=526"}],"curies":[{"name":"wp","href":"https:\/\/api.w.org\/{rel}","templated":true}]}}