{"id":5460,"date":"2023-12-19T11:52:42","date_gmt":"2023-12-19T09:52:42","guid":{"rendered":"https:\/\/crisuri.rowater.ro\/?page_id=5460"},"modified":"2023-12-19T11:57:32","modified_gmt":"2023-12-19T09:57:32","slug":"planul-de-management-al-riscului-la-inundatii-aferent-administratiei-bazinale-de-apa-crisuri","status":"publish","type":"page","link":"https:\/\/crisuri.rowater.ro\/?page_id=5460","title":{"rendered":"Planul de management al riscului la inunda\u0163ii aferent Administra\u0163iei Bazinale de Ap\u0103 Cri\u015furi"},"content":{"rendered":"<p>[vc_row][vc_column][vc_column_text]<a href=\"https:\/\/crisuri.rowater.ro\/wp-content\/uploads\/2023\/12\/Planul-de-management-al-riscului-la-inundatii-aferent-Administratiei-Bazinale-de-Apa-Crisuri.pdf\">Planul de management al riscului la inundatii aferent Administratiei Bazinale de Apa Crisuri<\/a><\/p>\n<p style=\"padding-left: 40px;\">publicat in\u00a0MONITORUL OFICIAL AL ROM\u00c2NIEI PARTEA I<br \/>\nAnul 191 (XXXV) \u2014 Nr. 930 bis LEGI, DECRETE, HOT\u0102R\u00c2RI \u015el ALTE ACTE<br \/>\n16 octombrie 2023 \/ Volumul 4<\/p>\n<p style=\"padding-left: 40px;\">Anexa la Hot\u0103r\u00e2rea Guvernului nr. 886\/2023 pentru actualizarea planurilor de management al riscului la inunda\u0163ii aferente celor 11 administra\u0163ii bazinale de ap\u0103 \u015fi fluviului Dun\u0103rea de pe teritoriul Rom\u00e2niei, aprobate prin Hot\u0103r\u00e2rea Guvernului nr. 972\/2016<\/p>\n<p>[\/vc_column_text][\/vc_column][\/vc_row]<\/p>\n","protected":false},"excerpt":{"rendered":"<p>[vc_row][vc_column][vc_column_text]Planul de management al riscului la inundatii aferent Administratiei Bazinale de Apa Crisuri publicat in\u00a0MONITORUL OFICIAL AL ROM\u00c2NIEI PARTEA I Anul 191 (XXXV) \u2014 Nr. 930 bis LEGI, DECRETE, HOT\u0102R\u00c2RI\u2026<\/p>\n","protected":false},"author":1,"featured_media":0,"parent":0,"menu_order":0,"comment_status":"closed","ping_status":"closed","template":"","meta":{"footnotes":""},"class_list":["post-5460","page","type-page","status-publish","hentry"],"_links":{"self":[{"href":"https:\/\/crisuri.rowater.ro\/index.php?rest_route=\/wp\/v2\/pages\/5460","targetHints":{"allow":["GET"]}}],"collection":[{"href":"https:\/\/crisuri.rowater.ro\/index.php?rest_route=\/wp\/v2\/pages"}],"about":[{"href":"https:\/\/crisuri.rowater.ro\/index.php?rest_route=\/wp\/v2\/types\/page"}],"author":[{"embeddable":true,"href":"https:\/\/crisuri.rowater.ro\/index.php?rest_route=\/wp\/v2\/users\/1"}],"replies":[{"embeddable":true,"href":"https:\/\/crisuri.rowater.ro\/index.php?rest_route=%2Fwp%2Fv2%2Fcomments&post=5460"}],"version-history":[{"count":2,"href":"https:\/\/crisuri.rowater.ro\/index.php?rest_route=\/wp\/v2\/pages\/5460\/revisions"}],"predecessor-version":[{"id":5465,"href":"https:\/\/crisuri.rowater.ro\/index.php?rest_route=\/wp\/v2\/pages\/5460\/revisions\/5465"}],"wp:attachment":[{"href":"https:\/\/crisuri.rowater.ro\/index.php?rest_route=%2Fwp%2Fv2%2Fmedia&parent=5460"}],"curies":[{"name":"wp","href":"https:\/\/api.w.org\/{rel}","templated":true}]}}