{"id":62,"date":"2021-02-22T20:48:17","date_gmt":"2021-02-22T18:48:17","guid":{"rendered":"https:\/\/apecrisuri.ro\/?page_id=62"},"modified":"2024-12-18T11:26:21","modified_gmt":"2024-12-18T09:26:21","slug":"program-audiente","status":"publish","type":"page","link":"https:\/\/crisuri.rowater.ro\/?page_id=62","title":{"rendered":"Program audien\u021be"},"content":{"rendered":"<p>[vc_row][vc_column][vc_column_text css_animation=&#8221;none&#8221;]<\/p>\n<h4><span style=\"color: #0000ff;\"><strong>PROGRAM DE AUDIEN\u021aE A.B.A. Cri\u0219uri <\/strong><strong>2024<\/strong><\/span><\/h4>\n<table>\n<tbody>\n<tr>\n<td style=\"text-align: center; vertical-align: middle; background-color: #cccccc;\" width=\"208\"><strong>Nume, prenume<\/strong><\/td>\n<td style=\"text-align: center; vertical-align: middle; background-color: #cccccc;\" width=\"170\"><strong>Func\u021bia<\/strong><\/td>\n<td style=\"text-align: center; vertical-align: middle; background-color: #cccccc;\" width=\"123\"><strong>Ziua<\/strong><\/td>\n<td style=\"text-align: center; vertical-align: middle; background-color: #cccccc;\" width=\"132\"><strong>Ora<br \/>\n(interval orar)<\/strong><\/td>\n<\/tr>\n<tr>\n<td style=\"text-align: center; vertical-align: middle;\" width=\"208\"><strong>ing. S\u00e1ndor P\u00c1SZTOR<\/strong><\/td>\n<td style=\"text-align: center; vertical-align: middle;\" width=\"170\"><strong>Director<br \/>\nA.B.A. Cri\u0219uri<\/strong><\/td>\n<td style=\"text-align: center; vertical-align: middle;\" width=\"123\"><strong>LUNI<\/strong><\/td>\n<td style=\"text-align: center; vertical-align: middle;\" width=\"132\"><strong>10<sup>00<\/sup>&#8211; 12<sup>00<\/sup><\/strong><\/td>\n<\/tr>\n<tr>\n<td style=\"text-align: center; vertical-align: middle;\" width=\"208\"><strong>ing. Ioan OPREAN<\/strong><\/td>\n<td style=\"text-align: center; vertical-align: middle;\" width=\"170\"><strong>Director Tehnic <\/strong><strong style=\"font-family: inherit; font-size: inherit;\">Exploatare Mentenan\u021b\u0103 a I.N.S.G.A. \u0219i Investi\u021bii<\/strong><\/td>\n<td style=\"text-align: center; vertical-align: middle;\" width=\"123\"><strong>MAR\u021aI<\/strong><\/td>\n<td style=\"text-align: center; vertical-align: middle;\" width=\"132\"><strong>10<sup>00<\/sup>&#8211; 12<sup>00<\/sup><\/strong><\/td>\n<\/tr>\n<\/tbody>\n<\/table>\n<ul>\n<li style=\"font-weight: 400;\">Cererea de \u00eenscriere \u00een audien\u021b\u0103 poate fi depus\u0103 la registratur\u0103 A.B.A. Cri\u0219uri (<strong>Str. Atelierelor, nr. 6-8<\/strong>) sau telefonic la nr. <strong>0259\/442 033<\/strong>.<\/li>\n<li style=\"font-weight: 400;\">Cererea de audien\u021b\u0103\u00a0trebuie s\u0103\u00a0con\u021bin\u0103\u00a0cel pu\u021bin urm\u0103toarele informa\u021bii: datele de identificare complete ale solicitantului, obiectul audien\u021bei (aspectele care necesit\u0103\u00a0clarific\u0103ri) precum \u0219i un num\u0103r de telefon.<\/li>\n<li style=\"font-weight: 400;\">Programarea \u00een audien\u021b\u0103\u00a0va fi efectuat\u0103\u00a0\u00een ordinea cronologic\u0103\u00a0a \u00eenregistr\u0103rii cererilor de audien\u021b\u0103.<\/li>\n<\/ul>\n<p>[\/vc_column_text][\/vc_column][\/vc_row]<\/p>\n","protected":false},"excerpt":{"rendered":"<p>[vc_row][vc_column][vc_column_text css_animation=&#8221;none&#8221;] PROGRAM DE AUDIEN\u021aE A.B.A. Cri\u0219uri 2024 Nume, prenume Func\u021bia Ziua Ora (interval orar) ing. S\u00e1ndor P\u00c1SZTOR Director A.B.A. Cri\u0219uri LUNI 1000&#8211; 1200 ing. Ioan OPREAN Director Tehnic Exploatare\u2026<\/p>\n","protected":false},"author":1,"featured_media":0,"parent":0,"menu_order":0,"comment_status":"closed","ping_status":"closed","template":"","meta":{"footnotes":""},"class_list":["post-62","page","type-page","status-publish","hentry"],"_links":{"self":[{"href":"https:\/\/crisuri.rowater.ro\/index.php?rest_route=\/wp\/v2\/pages\/62","targetHints":{"allow":["GET"]}}],"collection":[{"href":"https:\/\/crisuri.rowater.ro\/index.php?rest_route=\/wp\/v2\/pages"}],"about":[{"href":"https:\/\/crisuri.rowater.ro\/index.php?rest_route=\/wp\/v2\/types\/page"}],"author":[{"embeddable":true,"href":"https:\/\/crisuri.rowater.ro\/index.php?rest_route=\/wp\/v2\/users\/1"}],"replies":[{"embeddable":true,"href":"https:\/\/crisuri.rowater.ro\/index.php?rest_route=%2Fwp%2Fv2%2Fcomments&post=62"}],"version-history":[{"count":19,"href":"https:\/\/crisuri.rowater.ro\/index.php?rest_route=\/wp\/v2\/pages\/62\/revisions"}],"predecessor-version":[{"id":7269,"href":"https:\/\/crisuri.rowater.ro\/index.php?rest_route=\/wp\/v2\/pages\/62\/revisions\/7269"}],"wp:attachment":[{"href":"https:\/\/crisuri.rowater.ro\/index.php?rest_route=%2Fwp%2Fv2%2Fmedia&parent=62"}],"curies":[{"name":"wp","href":"https:\/\/api.w.org\/{rel}","templated":true}]}}