{"id":634,"date":"2021-07-05T13:41:48","date_gmt":"2021-07-05T11:41:48","guid":{"rendered":"https:\/\/apecrisuri.ro\/?page_id=634"},"modified":"2021-07-16T08:11:04","modified_gmt":"2021-07-16T06:11:04","slug":"chestionar","status":"publish","type":"page","link":"https:\/\/crisuri.rowater.ro\/?page_id=634","title":{"rendered":"Chestionar"},"content":{"rendered":"<p>[vc_row][vc_column][vc_column_text]<span dir=\"auto\">V-am invitat s\u0103 completa\u021bi un formular:<\/span><\/p>\n<p>Instrumentul principal de implementare al Directivei Cadru Ap\u0103 (DCA) \u00eel reprezint\u0103 Planul de Management al spa\u021biului hidrografic Cri\u0219uri (2009), respectiv actualiz\u0103rile sale ulterioare (la fiecare 6 ani). \u00cen conformitate cu prevederile DCA, se are \u00een vedere ca prin acest plan obiectivele de mediu ale corpurilor de ap\u0103 s\u0103 fie atinse, respectiv starea bun\u0103 \u0219i men\u021binerea acesteia prin respectarea principiului de nedeteriorare.<\/p>\n<p>Administra\u021bia Na\u021bional\u0103 \u201dApele Rom\u00e2ne\u201d (ANAR) \u0219i Administra\u021biile Bazinale de Ap\u0103 (ABA) au elaborat:<br \/>\n&#8211; Planul Na\u021bional de Management \u2013 Sinteza celor 11 Planuri de Management ale bazinelor\/spa\u021biilor Hidrografice \u0219i Planurile de Management ale bazinelor\/spa\u021biilor hidrografice (2009), aprobate prin HG nr 80\/2011;<br \/>\n&#8211; Planul Na\u021bional de Management actualizat (2016) \u0219i Planurile de management actualizate ale bazinelor\/spa\u021biilor hidrografice (2016) aprobate prin HG 859\/2016;<br \/>\n&#8211; proiectul Planului Na\u021bional de Management actualizat (2021) (numit \u00een continuare proiectul Planului de Management actualizat) \u0219i proiectele Planurilor de management actualizate ale bazinelor\/spa\u021biilor hidrografice (2021) au fost postate pe site-urile ANAR \u0219i ABA \u00een vederea consult\u0103rii factorilor interesa\u021bi (30 iunie \u2013 30 decembrie 2021).<br \/>\nAceste documente prezint\u0103 \u0219i integreaz\u0103, av\u00e2nd \u00een vedere prevederile Directivei Cadru Ap\u0103, obiectivele privind activit\u0103\u021bile de gospod\u0103rire a apelor la nivel bazinal \u0219i na\u021bional \u0219i includ caracteriz\u0103ri ale corpurilor de ap\u0103, evalu\u0103ri ale st\u0103rii acestora \u0219i m\u0103suri aferente perioadei 2022-2027 pentru \u00eembun\u0103t\u0103\u021birea \u0219i men\u021binerea st\u0103rii bune a apelor de suprafa\u021b\u0103 \u0219i subterane din bazinele\/spa\u021biile hidrografice.<\/p>\n<p>Chestionarul de mai jos a fost conceput av\u00e2nd un dublu rol: de a v\u0103 informa, dar \u0219i pentru a v\u0103 solicita opinia, ca factori interesa\u021bi, dar \u0219i ca utilizatori ai resurselor de ap\u0103, contribuind astfel la finalizarea Planului de Management actualizat al spa\u021biului hidrografic Cri\u0219uri 2021.<\/p>\n<p>\u00cen acest context, v\u0103 rug\u0103m s\u0103 completa\u021bi chestionarul \u0219i s\u0103 \u00eel transmite\u021bi p\u00e2n\u0103 \u00een data de 30 decembrie 2021. (Chestionarul va fi disponibil online cu posibilitatea de transmitere direct\u0103 \u2013 prin ap\u0103sarea butonului \u2013 TRIMITE\u021aI).<\/p>\n<p><iframe loading=\"lazy\" src=\"https:\/\/docs.google.com\/forms\/d\/e\/1FAIpQLSfbvPQwuBsyQ0PV94E56cXRYtGFH4AAPHwZi2FQeWtNVFQySg\/viewform?vc=0&amp;c=0&amp;w=1&amp;flr=0&amp;usp=mail_form_link\" width=\"840\" height=\"8155\" frameborder=\"0\" marginwidth=\"0\" marginheight=\"0\"><span data-mce-type=\"bookmark\" style=\"display: inline-block; width: 0px; overflow: hidden; line-height: 0;\" class=\"mce_SELRES_start\"><\/span>Loading\u2026<\/iframe>[\/vc_column_text][\/vc_column][\/vc_row]<\/p>\n","protected":false},"excerpt":{"rendered":"<p>[vc_row][vc_column][vc_column_text]V-am invitat s\u0103 completa\u021bi un formular: Instrumentul principal de implementare al Directivei Cadru Ap\u0103 (DCA) \u00eel reprezint\u0103 Planul de Management al spa\u021biului hidrografic Cri\u0219uri (2009), respectiv actualiz\u0103rile sale ulterioare (la\u2026<\/p>\n","protected":false},"author":1,"featured_media":0,"parent":0,"menu_order":0,"comment_status":"closed","ping_status":"closed","template":"","meta":{"footnotes":""},"class_list":["post-634","page","type-page","status-publish","hentry"],"_links":{"self":[{"href":"https:\/\/crisuri.rowater.ro\/index.php?rest_route=\/wp\/v2\/pages\/634","targetHints":{"allow":["GET"]}}],"collection":[{"href":"https:\/\/crisuri.rowater.ro\/index.php?rest_route=\/wp\/v2\/pages"}],"about":[{"href":"https:\/\/crisuri.rowater.ro\/index.php?rest_route=\/wp\/v2\/types\/page"}],"author":[{"embeddable":true,"href":"https:\/\/crisuri.rowater.ro\/index.php?rest_route=\/wp\/v2\/users\/1"}],"replies":[{"embeddable":true,"href":"https:\/\/crisuri.rowater.ro\/index.php?rest_route=%2Fwp%2Fv2%2Fcomments&post=634"}],"version-history":[{"count":8,"href":"https:\/\/crisuri.rowater.ro\/index.php?rest_route=\/wp\/v2\/pages\/634\/revisions"}],"predecessor-version":[{"id":702,"href":"https:\/\/crisuri.rowater.ro\/index.php?rest_route=\/wp\/v2\/pages\/634\/revisions\/702"}],"wp:attachment":[{"href":"https:\/\/crisuri.rowater.ro\/index.php?rest_route=%2Fwp%2Fv2%2Fmedia&parent=634"}],"curies":[{"name":"wp","href":"https:\/\/api.w.org\/{rel}","templated":true}]}}