{"id":6827,"date":"2024-08-29T10:04:41","date_gmt":"2024-08-29T08:04:41","guid":{"rendered":"https:\/\/crisuri.rowater.ro\/?page_id=6827"},"modified":"2024-08-29T10:42:05","modified_gmt":"2024-08-29T08:42:05","slug":"proiect-dalia","status":"publish","type":"page","link":"https:\/\/crisuri.rowater.ro\/?page_id=6827","title":{"rendered":"Proiect DALIA"},"content":{"rendered":"<p>[vc_row][vc_column][vc_column_text]<\/p>\n<h3><strong>Site-ul oficial al proiectului: <a href=\"http:\/\/dalia-danube.eu\/\">http:\/\/dalia-danube.eu\/<\/a><\/strong><\/h3>\n<p>&nbsp;<\/p>\n<h3><strong>Proiectul DALIA lanseaz\u0103 Apelul Rivers Revived pentru Regiunile Asociate, invit\u00e2nd autorit\u0103\u021bile locale \u0219i regionale s\u0103 aplice pentru \u0219ansa de a ob\u021bine un grant de p\u00e2n\u0103 la 100.000 de Euro pentru restaurarea r\u00e2urilor.<\/strong><\/h3>\n<h3><\/h3>\n<h3><strong>Apelul deschis Rivers Revived din cadrul proiectului DALIA prezint\u0103 o oportunitate unic\u0103 pentru autorit\u0103\u021bile locale \u0219i regionale din Regiunile Asociate de a participa la ini\u021biative inovatoare care vizeaz\u0103 transformarea ecologic\u0103, socio-economic\u0103. Apelul se aliniaz\u0103 la obiectivele principale ale proiectului, concentr\u00e2ndu-se pe dou\u0103 aspecte cheietransferul de cuno\u0219tin\u021be \u0219i scalabilitatea solu\u021biilor pentru Bazinul Hidrografic al Dun\u0103rii. \u00cen acest sens, Apelul urm\u0103re\u0219te replicarea ini\u021biativelor de succes din site-urile pilot \u2013 DALIA pilot sites (DPs) \u2013 \u00een regiuni pilot noi, cu condi\u021bii similare.<\/strong><\/h3>\n<p>[\/vc_column_text][\/vc_column][\/vc_row][vc_row][vc_column][vc_single_image image=&#8221;6831&#8243; img_size=&#8221;large&#8221;][\/vc_column][\/vc_row][vc_row][vc_column][vc_column_text css=&#8221;.vc_custom_1724920835628{background-color: #20a7c9 !important;}&#8221;]<\/p>\n<h3><\/h3>\n<h3><span style=\"color: #ffffff;\">DALIA project launches Rivers Revived Call for Associated Regions, inviting local and regional authorities to apply for a chance to secure a grant of up to 100K EUR for river restoration.<\/span><\/h3>\n<p>[\/vc_column_text][\/vc_column][\/vc_row][vc_row][vc_column][vc_column_text css=&#8221;.vc_custom_1724919846297{background-color: #1e73be !important;background-position: center !important;background-repeat: no-repeat !important;background-size: cover !important;}&#8221;]<\/p>\n<h3><strong><span style=\"color: #ffffff;\">DALIA\u2019s Open Call Rivers Revived presents a unique opportunity for local and regional authorities from Associated Regions[1] to participate in groundbreaking initiatives aimed at environmental, societal, and economic transformation. The Call aligns with DALIA\u2019s primary objectives, focusing on two key aspects: knowledge transfer and solution scalability for the Danube River Basin. In this regard, the Call is aiming to replicate successful initiatives from DALIA pilot sites (DPs) into new pilot regions with similar conditions. By engaging local and regional authorities, the project aims to demonstrate the transferability, feasibility, and scalability of solutions for the Danube River.<\/span><\/strong><\/h3>\n<p>[\/vc_column_text][\/vc_column][\/vc_row][vc_row][vc_column][vc_single_image image=&#8221;6832&#8243; img_size=&#8221;large&#8221;][\/vc_column][\/vc_row][vc_row][vc_column][vc_column_text]<\/p>\n<h3><strong>Pentru mai multe detalii accesa\u021bi \/ You can find more on:<\/strong><\/h3>\n<h3><strong><a href=\"https:\/\/crisuri.rowater.ro\/wp-content\/uploads\/2024\/08\/Comunicat-DALIA-Romana-1-2.pdf\">Comunicat DALIA limba Romana<\/a><\/strong><\/h3>\n<h3><strong><a href=\"https:\/\/crisuri.rowater.ro\/wp-content\/uploads\/2024\/08\/Comunicat-DALIA-Engleza-1-3.pdf\">Comunicat DALIA limba Engleza<\/a><\/strong><\/h3>\n<p>[\/vc_column_text][\/vc_column][\/vc_row]<\/p>\n","protected":false},"excerpt":{"rendered":"<p>[vc_row][vc_column][vc_column_text] Site-ul oficial al proiectului: http:\/\/dalia-danube.eu\/ &nbsp; Proiectul DALIA lanseaz\u0103 Apelul Rivers Revived pentru Regiunile Asociate, invit\u00e2nd autorit\u0103\u021bile locale \u0219i regionale s\u0103 aplice pentru \u0219ansa de a ob\u021bine un grant\u2026<\/p>\n","protected":false},"author":1,"featured_media":0,"parent":0,"menu_order":0,"comment_status":"closed","ping_status":"closed","template":"","meta":{"footnotes":""},"class_list":["post-6827","page","type-page","status-publish","hentry"],"_links":{"self":[{"href":"https:\/\/crisuri.rowater.ro\/index.php?rest_route=\/wp\/v2\/pages\/6827","targetHints":{"allow":["GET"]}}],"collection":[{"href":"https:\/\/crisuri.rowater.ro\/index.php?rest_route=\/wp\/v2\/pages"}],"about":[{"href":"https:\/\/crisuri.rowater.ro\/index.php?rest_route=\/wp\/v2\/types\/page"}],"author":[{"embeddable":true,"href":"https:\/\/crisuri.rowater.ro\/index.php?rest_route=\/wp\/v2\/users\/1"}],"replies":[{"embeddable":true,"href":"https:\/\/crisuri.rowater.ro\/index.php?rest_route=%2Fwp%2Fv2%2Fcomments&post=6827"}],"version-history":[{"count":7,"href":"https:\/\/crisuri.rowater.ro\/index.php?rest_route=\/wp\/v2\/pages\/6827\/revisions"}],"predecessor-version":[{"id":6840,"href":"https:\/\/crisuri.rowater.ro\/index.php?rest_route=\/wp\/v2\/pages\/6827\/revisions\/6840"}],"wp:attachment":[{"href":"https:\/\/crisuri.rowater.ro\/index.php?rest_route=%2Fwp%2Fv2%2Fmedia&parent=6827"}],"curies":[{"name":"wp","href":"https:\/\/api.w.org\/{rel}","templated":true}]}}