{"id":6841,"date":"2024-08-29T15:22:08","date_gmt":"2024-08-29T13:22:08","guid":{"rendered":"https:\/\/crisuri.rowater.ro\/?page_id=6841"},"modified":"2025-10-01T13:07:04","modified_gmt":"2025-10-01T11:07:04","slug":"planul-national-de-redresare-si-rezilienta-pnrr","status":"publish","type":"page","link":"https:\/\/crisuri.rowater.ro\/?page_id=6841","title":{"rendered":"Planul Na\u021bional de Redresare \u0219i Rezilien\u021b\u0103 (PNRR)"},"content":{"rendered":"<p>[vc_row][vc_column]<ul class=\"anar-page-list\"><li><a href=\"https:\/\/crisuri.rowater.ro\/?page_id=8606\" target=\"\" rel=\"\">\u201eREALIZAREA CADASTRULUI APELOR\u201d \u2013 Investi\u021bia I6 din cadrul Planului Na\u021bional de Redresare \u0219i Rezilien\u021b\u0103 al Rom\u00e2niei (PNRR) \u2013 Pilonul I \u201eTranzi\u021bia Verde\u201d \u2013 Componenta C1 \u201eManagementul apei\u201d<\/a><\/li><li><a href=\"https:\/\/crisuri.rowater.ro\/?page_id=8771\" target=\"\" rel=\"\">\u00cembun\u0103t\u0103\u021birea condi\u021biilor de func\u021bionare \u00een siguran\u021b\u0103 a Acumul\u0103rii S\u0103lard \u2013 jud. BIHOR<\/a><\/li><li><a href=\"https:\/\/crisuri.rowater.ro\/?page_id=8773\" target=\"\" rel=\"\">\u00cembun\u0103t\u0103\u021birea condi\u021biilor de func\u021bionare \u00een siguran\u021b\u0103 a acumul\u0103rii Le\u0219u \u2013 jud. Bihor<\/a><\/li><li><a href=\"https:\/\/crisuri.rowater.ro\/?page_id=8775\" target=\"\" rel=\"\">REABILITAREA CORONAMENTULUI DIGURILOR DE AP\u0102RARE \u0218I CREAREA INFRASTRUCTURII PENTRU TRASEE CICLOTURISTICE \u00ceN B.H. CRI\u0218URI<\/a><\/li><\/ul>[\/vc_column][\/vc_row]<\/p>\n","protected":false},"excerpt":{"rendered":"<p>[vc_row][vc_column][\/vc_column][\/vc_row]<\/p>\n","protected":false},"author":1,"featured_media":0,"parent":0,"menu_order":0,"comment_status":"closed","ping_status":"closed","template":"","meta":{"footnotes":""},"class_list":["post-6841","page","type-page","status-publish","hentry"],"_links":{"self":[{"href":"https:\/\/crisuri.rowater.ro\/index.php?rest_route=\/wp\/v2\/pages\/6841","targetHints":{"allow":["GET"]}}],"collection":[{"href":"https:\/\/crisuri.rowater.ro\/index.php?rest_route=\/wp\/v2\/pages"}],"about":[{"href":"https:\/\/crisuri.rowater.ro\/index.php?rest_route=\/wp\/v2\/types\/page"}],"author":[{"embeddable":true,"href":"https:\/\/crisuri.rowater.ro\/index.php?rest_route=\/wp\/v2\/users\/1"}],"replies":[{"embeddable":true,"href":"https:\/\/crisuri.rowater.ro\/index.php?rest_route=%2Fwp%2Fv2%2Fcomments&post=6841"}],"version-history":[{"count":9,"href":"https:\/\/crisuri.rowater.ro\/index.php?rest_route=\/wp\/v2\/pages\/6841\/revisions"}],"predecessor-version":[{"id":8850,"href":"https:\/\/crisuri.rowater.ro\/index.php?rest_route=\/wp\/v2\/pages\/6841\/revisions\/8850"}],"wp:attachment":[{"href":"https:\/\/crisuri.rowater.ro\/index.php?rest_route=%2Fwp%2Fv2%2Fmedia&parent=6841"}],"curies":[{"name":"wp","href":"https:\/\/api.w.org\/{rel}","templated":true}]}}