{"id":8030,"date":"2025-06-11T13:31:26","date_gmt":"2025-06-11T11:31:26","guid":{"rendered":"https:\/\/crisuri.rowater.ro\/?page_id=8030"},"modified":"2025-06-11T13:48:50","modified_gmt":"2025-06-11T11:48:50","slug":"avertizori-in-interes-public","status":"publish","type":"page","link":"https:\/\/crisuri.rowater.ro\/?page_id=8030","title":{"rendered":"Avertizori \u00een interes public"},"content":{"rendered":"<p>[vc_row][vc_column][vc_column_text]<strong>Mecanismul de raportare a \u00eenc\u0103lc\u0103rilor legii conf. Legii nr. 361 din 2022 privind protec\u0163ia avertizorilor \u00een interes public<\/strong><\/p>\n<p><strong>RAPORTEAZ\u0102 \u00ceNC\u0102LC\u0102RI \u00ceN INTERES PUBLIC<\/strong><\/p>\n<p><strong>RAPORTARE\u00a0 EXTERN\u0102 <\/strong><strong>\u00een condi\u021biile aplic\u0103rii Legii nr. 361\/2022 privind protec\u021bia avertizorilor \u00een interes public<\/strong><\/p>\n<p>&nbsp;<\/p>\n<p><strong>CADRUL GENERAL<\/strong><\/p>\n<p style=\"padding-left: 40px;\">\u00cen contextul cadrului general guvernat de prevederile normative \u00een vigoare privind protec\u021bia avertizorilor \u00een interes public (whistleblowers), o persoan\u0103 fizic\u0103 ce de\u021bine informa\u021bii, ob\u021binute \u00eentr-un context profesional, referitoare la o \u00eenc\u0103lcare, care s-a produs sau care este susceptibil\u0103 s\u0103 se produc\u0103, a legisla\u021biei care intr\u0103 \u00een aria de competen\u021b\u0103 a Administratiei Bazinale de Apa Cri\u0219uri \u0219i care\u00a0 alege, potrivit legii, canalul extern de raportare, se poate adresa A.S.F. prin utilizarea mijloacelor de raportare mai jos men\u021bionate.<\/p>\n<p style=\"padding-left: 40px;\">Administratia Bazinala de Apa Cri\u0219uri prin salaria\u021bii desemna\u021bi, examineaz\u0103 \u0219i solu\u021bioneaz\u0103 raport\u0103rile externe care vizeaz\u0103 doar aria sa de competen\u021b\u0103. \u00cen situa\u021bia \u00een care raportarea vizeaz\u0103 \u00eenc\u0103lc\u0103ri ale legii care exced competen\u021belor autorit\u0103\u021bii, aceasta va fi redirec\u021bionat\u0103 pentru o solu\u021bionare competent\u0103.<\/p>\n<p><strong>Excep\u021bii:<\/strong><\/p>\n<ol>\n<li>Situa\u021biile care se \u00eencadreaz\u0103 \u00een prevederile art. 1 alin. (3) din Legea nr. 361\/2022 conform c\u0103rora atunci c\u00e2nd normele prev\u0103zute \u00een anexa nr. 1 a Legii con\u021bin norme speciale cu caracter obligatoriu privind raportarea \u00eenc\u0103lc\u0103rilor legii atunci se aplic\u0103 dispozi\u021biile speciale \u0219i nu cele privind avertizorul \u00een interes public.<\/li>\n<li>\u00cen situa\u021bia \u00een care raportarea vizeaz\u0103 \u00eenc\u0103lc\u0103ri ale legii care exced competen\u021belor Administratiei Bazinale de Apa Cri\u0219uri, aceast aspect va fi comunicat avertizorului in ineres public in vederea redirec\u021bionarii pentru solu\u021bionare unei autorit\u0103\u021bi competente.<\/li>\n<\/ol>\n<p>Pentru a beneficia de m\u0103surile de protec\u021bie,\u00a0<strong>avertizorul \u00een interes public trebuie s\u0103 \u00eentruneasc\u0103 cumulativ urm\u0103toarele condi\u021bii<\/strong>:<\/p>\n<p style=\"padding-left: 40px;\">a) s\u0103 fie una dintre persoanele care efectueaz\u0103 raport\u0103ri potrivit prevederilor legale \u0219i care a ob\u021binut informa\u021bii referitoare la \u00eenc\u0103lc\u0103ri ale legii \u00eentr-un context profesional;<\/p>\n<p style=\"padding-left: 40px;\">b) s\u0103 fi avut motive \u00eentemeiate s\u0103 cread\u0103 c\u0103 informa\u021biile referitoare la \u00eenc\u0103lc\u0103rile raportate erau adev\u0103rate la momentul raport\u0103rii;<\/p>\n<p style=\"padding-left: 40px;\">c) s\u0103 fi efectuat o raportare intern\u0103, o raportare extern\u0103 sau o divulgare public\u0103.<\/p>\n<p>Gestionarea tuturor raport\u0103rilor se realizeaz\u0103 cu\u00a0<strong>p\u0103strarea confiden\u021bialit\u0103\u021bii asupra identit\u0103\u021bii avertizorului \u00een interes public \u0219i a informa\u021biilor care ar permite identificarea direct\u0103 sau indirect\u0103 a acestuia<\/strong>, cu excep\u021bia situa\u021biei \u00een care avertizorul \u00ee\u0219i exprim\u0103 consim\u021b\u0103m\u00e2ntul expres \u00een vederea divulg\u0103rii acestor informa\u021bii.<\/p>\n<p><strong> CANALE DE RAPORTARE<\/strong><\/p>\n<table width=\"642\">\n<tbody>\n<tr>\n<td><strong>E-MAIL<\/strong><\/td>\n<td width=\"547\">\n<p><strong>Adresa de e-mail dedicate:\u00a0<\/strong><a href=\"mailto:raportari.ape.olt@dao.rowater.ro\"><strong>raportari.ape.crisuri@dac.rowater.ro<\/strong><\/a><\/p>\n<p>Acest canal reprezint\u0103 una din modalit\u0103\u021bile cele mai securizate pentru primirea raport\u0103rilor privind \u00eenc\u0103lc\u0103ri ale legii \u0219i este gestionat doar de c\u0103tre salaria\u021bii desemna\u021bi, \u00een condi\u021biile \u0219i \u00een conformitate cu prevederile legale privind protec\u021bia avertizorilor \u00een interes public<\/td>\n<\/tr>\n<tr>\n<td><strong><br \/>\n<\/strong><br \/>\n<strong>PO\u0218T\u0102<\/strong><\/td>\n<td width=\"547\">\n<p><strong>Adresa<\/strong>\u00a0<strong>de transmitere a documentelor:<\/strong>\u00a0Oradea str. Atelierelor, Nr. 6-8, Cod postal 410542, Jud. Bihor, ROM\u00c2NIA<\/p>\n<p><strong>Destinatar:<\/strong>\u00a0Administra\u021bia Bazinal\u0103 de Ap\u0103 Cri\u0219uri.<\/p>\n<p><strong>Condi\u021bie obligatorie:\u00a0<\/strong>plicul va fi sigilat, marcat\u00a0<strong>\u201eCONFIDEN<\/strong><strong>\u021aIAL\u201d<\/strong>, cu\u00a0men\u021biunea:\u00a0<strong><em>\u201eRaportare conform prevederilor Legii\u00a0nr. 361\/2022, privind protec\u021bia avertizorilor \u00een interes public\u201d<\/em>.<\/strong><\/p>\n<p><strong>Datele de identificare a avertizorului NU vor fi trecute pe plic\u00a0<\/strong><em>(acestea fiind men\u021bionate \u00een cuprinsul documentului \u0219i vor fi anonimizate de c\u0103tre salaria\u021bii desemna\u021bi).<\/em><\/td>\n<\/tr>\n<tr>\n<td><strong>PERSONAL<\/strong><\/td>\n<td width=\"547\">\n<p><strong>Stabilirea unei \u00eent\u00e2lniri cu salariatul desemnat de luni p\u00e2n\u0103 joi, \u00eentre orele 10:00 \u2013 14:00 \u0219i vineri \u00eentre orele 10:00 \u2013 12:00.<\/strong><\/p>\n<p><strong>\u00cen situa\u021bia \u00een care se dore\u0219te efectuarea raport\u0103rii \u00een prezen\u021ba salariatului desemnat, avertizorul are posibilitatea de a solicita o \u00eent\u00e2lnire cu acesta utiliz\u00e2nd urm\u0103toarele canale de comunicare:<\/strong><\/p>\n<p>Solicitarea trebuie s\u0103 con\u021bin\u0103 un minim de date de contact\u00a0<em>(nume \u0219i prenume, adresa de e-mail, num\u0103r de telefon)\u00a0<\/em>necesare salaria\u021bilor desemna\u021bi pentru organizarea unei \u00eent\u00e2lniri la sediul \u00a0Administra\u021biei Bazinale de Ap\u0103 Cri\u0219uri.<\/p>\n<p>Aspectele comunicate\u00a0salariatului desemnat vor fi \u00eenregistrate audio doar cu acordul expres al avertizorului. \u00cen situa\u021bia \u00een care nu este exprimat acordul pentru \u00eenregistrarea audio, aspectele prezentate vor fi consemnate de c\u0103tre salariatul desemnat \u00eentr-un Proces-verbal, sub rezerva exprim\u0103rii consim\u021b\u0103m\u00e2ntului cu semn\u0103tura ambelor p\u0103r\u021bi. \u00cen lipsa consim\u021b\u0103m\u00e2ntului, solicitarea va fi formulat\u0103 \u00een scris, pe suport de h\u00e2rtie sau \u00een format electronic la adresa de e-mail dedicat\u0103.<\/td>\n<\/tr>\n<tr>\n<td><strong>Telefonic<\/strong><\/td>\n<td width=\"547\">\n<p><strong>Numar telefon:\u00a0+<\/strong>40 755 127 110<\/p>\n<p>Pe aceasta linie telefonic\u0103 conversa\u0163iile pot fi \u00eenregistrate, \u00eentr-o form\u0103 durabil\u0103 \u015fi accesibil\u0103, sub rezerva consim\u0163\u0103m\u00e2ntului avertizorului \u00een interes public.<\/p>\n<p>\u00cen cazul \u00een care avertizorul nu i\u0219i d\u0103 acordul pentru inregistrarea conversa\u021biei atunci este direc\u021bionat s\u0103 fac\u0103 raportarea folosind celelalte mijloace de raportare.<\/td>\n<\/tr>\n<\/tbody>\n<\/table>\n<p><strong> CE TREBUIE S\u0102 CON\u021aIN\u0102 RAPORTAREA<\/strong><\/p>\n<p>Raportarea\u00a0<strong>trebuie s\u0103 cuprind\u0103<\/strong>, cel pu\u021bin, urm\u0103toarele date:<\/p>\n<ul>\n<li>nume \u0219i prenume;<\/li>\n<li>date de contact;<\/li>\n<li>contextul profesional \u00een care au fost ob\u021binute informa\u021biile;<\/li>\n<li>numele \u0219i prenumele persoanei vizate, dac\u0103 este cunoscut\u0103;<\/li>\n<li>descrierea faptei susceptibile s\u0103 constituie \u00eenc\u0103lcare a legii;<\/li>\n<li>probe \u00een sus\u021binerea raport\u0103rii, dup\u0103 caz;<\/li>\n<li>indicarea altor persoane care au cuno\u0219tin\u021b\u0103 despre eveniment;<\/li>\n<li>orice documente sau alte dovezi disponibile pentru a sus\u021bine informa\u021biile furnizate (de ex., documente scrise, cum ar fi note \/ rapoarte \/ facturi \/ alte documente financiare \/ etc.);<\/li>\n<li>orice alte informa\u021bii, de natur\u0103 s\u0103 faciliteze identificarea faptei raportate;<\/li>\n<li>data;<\/li>\n<li>semn\u0103tura avertizorului.<\/li>\n<\/ul>\n<p><strong>Prin excep\u021bie<\/strong>, raportarea care nu cuprinde numele, prenumele, datele de contact sau semn\u0103tura avertizorului se examineaz\u0103 \u0219i se solu\u021bioneaz\u0103 \u00een m\u0103sura \u00een care con\u021bine indicii referitoare la \u00eenc\u0103lc\u0103ri ale legii.<\/p>\n<p><strong> COMUNIC\u0102RI<\/strong><\/p>\n<p style=\"padding-left: 40px;\">\u00cen termen de cel mult 7 zile calendaristice de la \u00eenregistrarea raport\u0103rii, salariatul desemnat va transmite confirmarea de primire.<\/p>\n<p style=\"padding-left: 40px;\">\u00cen cazul \u00een care sunt necesare clarific\u0103ri suplimentare privind situa\u021bia sesizat\u0103, salariatul desemnat transmite solicitarea prin intermediul\u00a0aceluia\u0219i canal de comunicare\u00a0<em>(dac\u0103 \u00een cuprinsul raport\u0103rii nu a fost indicat un alt canal de comunicare).<\/em><\/p>\n<p style=\"padding-left: 40px;\">Salariatul desemnat informeaz\u0103 avertizorul cu privire la ac\u021biunile subsecvente, \u00een termen de cel mult 3 luni de la data confirm\u0103rii de primire sau dac\u0103 nu a fost confirmat\u0103 primirea raport\u0103rii la expirarea termenului de 7 zile calendaristice de la \u00eenregistrarea raport\u0103rii, precum \u0219i ulterior, ori de c\u00e2te ori sunt \u00eenregistrate evolu\u021bii \u00een desf\u0103\u0219urarea ac\u021biunilor subsecvente cu excep\u021bia situa\u021biilor \u00een care poate fi periclitat\u0103 desf\u0103\u0219urarea acestora.<\/p>\n<p><strong> CLASAREA RAPORT\u0102RII<\/strong><\/p>\n<p style=\"padding-left: 40px;\"><strong>\u00cen situa\u021bia \u00een care raportarea este transmis\u0103 anonim sau nu con\u021bine suficiente informa\u021bii<\/strong>\u00a0care s\u0103 permit\u0103 analizarea \u0219i solu\u021bionarea acesteia \u0219i nu s-a dat curs solicit\u0103rii de completare a acesteia \u00een termen de 15 zile, aceasta se claseaz\u0103 fiind comunicat\u0103 solu\u021bia de clasare \u0219i temeiul legal \u00een baza c\u0103ruia s-a efectuat clasarea.<\/p>\n<p style=\"padding-left: 40px;\">Raportarea se claseaz\u0103 \u0219i \u00een situa\u021bia \u00een care, \u00een urma analizei preliminare efectuate, se constat\u0103 c\u0103 aceasta nu se \u00eencadreaz\u0103 \u00een domeniul de aplicabilitate a prevederilor legale privind protec\u021bia avertizorilor \u00een interes public sau \u00een situa\u021bia \u00een care se constat\u0103 faptul c\u0103 persoana care a efectuat raportarea nu are calitatea de avertizor \u00een interes public.<\/p>\n<p style=\"padding-left: 40px;\"><strong>\u00cen cazul primirii mai multor raport\u0103ri cu acela\u0219i obiect<\/strong>, acestea sunt conexate \u0219i salariatul desemnat transmite o singur\u0103 informare.<\/p>\n<p>[\/vc_column_text][\/vc_column][\/vc_row]<\/p>\n","protected":false},"excerpt":{"rendered":"<p>[vc_row][vc_column][vc_column_text]Mecanismul de raportare a \u00eenc\u0103lc\u0103rilor legii conf. Legii nr. 361 din 2022 privind protec\u0163ia avertizorilor \u00een interes public RAPORTEAZ\u0102 \u00ceNC\u0102LC\u0102RI \u00ceN INTERES PUBLIC RAPORTARE\u00a0 EXTERN\u0102 \u00een condi\u021biile aplic\u0103rii Legii nr.\u2026<\/p>\n","protected":false},"author":1,"featured_media":0,"parent":0,"menu_order":0,"comment_status":"closed","ping_status":"closed","template":"","meta":{"footnotes":""},"class_list":["post-8030","page","type-page","status-publish","hentry"],"_links":{"self":[{"href":"https:\/\/crisuri.rowater.ro\/index.php?rest_route=\/wp\/v2\/pages\/8030","targetHints":{"allow":["GET"]}}],"collection":[{"href":"https:\/\/crisuri.rowater.ro\/index.php?rest_route=\/wp\/v2\/pages"}],"about":[{"href":"https:\/\/crisuri.rowater.ro\/index.php?rest_route=\/wp\/v2\/types\/page"}],"author":[{"embeddable":true,"href":"https:\/\/crisuri.rowater.ro\/index.php?rest_route=\/wp\/v2\/users\/1"}],"replies":[{"embeddable":true,"href":"https:\/\/crisuri.rowater.ro\/index.php?rest_route=%2Fwp%2Fv2%2Fcomments&post=8030"}],"version-history":[{"count":4,"href":"https:\/\/crisuri.rowater.ro\/index.php?rest_route=\/wp\/v2\/pages\/8030\/revisions"}],"predecessor-version":[{"id":8036,"href":"https:\/\/crisuri.rowater.ro\/index.php?rest_route=\/wp\/v2\/pages\/8030\/revisions\/8036"}],"wp:attachment":[{"href":"https:\/\/crisuri.rowater.ro\/index.php?rest_route=%2Fwp%2Fv2%2Fmedia&parent=8030"}],"curies":[{"name":"wp","href":"https:\/\/api.w.org\/{rel}","templated":true}]}}