{"id":84,"date":"2021-02-23T12:55:16","date_gmt":"2021-02-23T10:55:16","guid":{"rendered":"https:\/\/apecrisuri.ro\/?page_id=84"},"modified":"2025-12-12T11:46:22","modified_gmt":"2025-12-12T09:46:22","slug":"promovari","status":"publish","type":"page","link":"https:\/\/crisuri.rowater.ro\/?page_id=84","title":{"rendered":"Promov\u0103ri"},"content":{"rendered":"<p>[vc_row content_placement=&#8221;middle&#8221; css=&#8221;.vc_custom_1649253955724{border-top-width: 2px !important;border-right-width: 2px !important;border-bottom-width: 2px !important;border-left-width: 2px !important;background-color: #dbdbdb !important;border-left-color: #1e73be !important;border-left-style: solid !important;border-right-color: #1e73be !important;border-right-style: solid !important;border-top-color: #1e73be !important;border-top-style: solid !important;border-bottom-color: #1e73be !important;border-bottom-style: solid !important;}&#8221;][vc_column width=&#8221;1\/6&#8243;][vc_column_text]<\/p>\n<p style=\"text-align: center;\"><strong>Nr. crt.<\/strong><\/p>\n<p>[\/vc_column_text][\/vc_column][vc_column width=&#8221;1\/6&#8243;][vc_column_text]<strong>Data publicare<\/strong>[\/vc_column_text][\/vc_column][vc_column width=&#8221;1\/2&#8243;][vc_column_text]<\/p>\n<p style=\"text-align: left;\"><strong>Descriere<\/strong><\/p>\n<p>[\/vc_column_text][\/vc_column][vc_column width=&#8221;1\/6&#8243;][vc_column_text]<strong>Rezultat<\/strong>[\/vc_column_text][\/vc_column][\/vc_row][vc_row css=&#8221;.vc_custom_1649253710725{border-bottom-width: 2px !important;border-bottom-color: #1e73be !important;border-bottom-style: dotted !important;}&#8221;][vc_column width=&#8221;1\/6&#8243;][vc_column_text][\/vc_column_text][\/vc_column][vc_column width=&#8221;1\/6&#8243;][vc_column_text][\/vc_column_text][\/vc_column][vc_column width=&#8221;1\/2&#8243;][vc_column_text][\/vc_column_text][\/vc_column][vc_column width=&#8221;1\/6&#8243;][vc_column_text][\/vc_column_text][\/vc_column][\/vc_row][vc_row css=&#8221;.vc_custom_1649253755639{border-bottom-width: 2px !important;border-bottom-color: #1e73be !important;border-bottom-style: dotted !important;}&#8221;][vc_column width=&#8221;1\/6&#8243;][vc_column_text]1[\/vc_column_text][vc_column_text][\/vc_column_text][\/vc_column][vc_column width=&#8221;1\/6&#8243;][vc_column_text]21.11.2025[\/vc_column_text][\/vc_column][vc_column width=&#8221;1\/2&#8243;][vc_column_text]<a href=\"https:\/\/crisuri.rowater.ro\/wp-content\/uploads\/2025\/11\/PromAgHidrZerind.pdf\">Agent Hidrotehnic, \u00een cadrul S.H.I. Cri\u015f Alb &#8211; Forma\u0163ia Exploatare \u015fi \u00eentre\u0163inere Zerind<\/a>[\/vc_column_text][\/vc_column][vc_column width=&#8221;1\/6&#8243;][vc_column_text]<a href=\"https:\/\/crisuri.rowater.ro\/wp-content\/uploads\/2025\/12\/rezProm1012.pdf\">-rezultat<\/a>[\/vc_column_text][\/vc_column][\/vc_row][vc_row css=&#8221;.vc_custom_1649253755639{border-bottom-width: 2px !important;border-bottom-color: #1e73be !important;border-bottom-style: dotted !important;}&#8221;][vc_column width=&#8221;1\/6&#8243;][vc_column_text]2[\/vc_column_text][vc_column_text][\/vc_column_text][\/vc_column][vc_column width=&#8221;1\/6&#8243;][vc_column_text]21.11.2025[\/vc_column_text][\/vc_column][vc_column width=&#8221;1\/2&#8243;][vc_column_text]<a href=\"https:\/\/crisuri.rowater.ro\/wp-content\/uploads\/2025\/11\/PromMuncHidrBradTarnava.pdf\">Muncitor hidrometru din cadrul Sta\u0163iei Hidrologice Brad &#8211; Sta\u0163ia Hidrometric\u0103 T\u00e2rnava de Cri\u015f<\/a>[\/vc_column_text][\/vc_column][vc_column width=&#8221;1\/6&#8243;][vc_column_text]<a href=\"https:\/\/crisuri.rowater.ro\/wp-content\/uploads\/2025\/12\/rezPromTarnava.pdf\">-rezultat<\/a>[\/vc_column_text][\/vc_column][\/vc_row][vc_row css=&#8221;.vc_custom_1649253755639{border-bottom-width: 2px !important;border-bottom-color: #1e73be !important;border-bottom-style: dotted !important;}&#8221;][vc_column width=&#8221;1\/6&#8243;][vc_column_text]3[\/vc_column_text][vc_column_text][\/vc_column_text][\/vc_column][vc_column width=&#8221;1\/6&#8243;][vc_column_text]24.11.2025[\/vc_column_text][\/vc_column][vc_column width=&#8221;1\/2&#8243;][vc_column_text]<a href=\"https:\/\/crisuri.rowater.ro\/wp-content\/uploads\/2025\/11\/Prom241125.pdf\">Inginer ecolog \u00een cadrul SH Oradea &#8211; SGA Bihor\u00a0<\/a>[\/vc_column_text][\/vc_column][vc_column width=&#8221;1\/6&#8243;][vc_column_text]<a href=\"https:\/\/crisuri.rowater.ro\/wp-content\/uploads\/2025\/12\/rezPromIngEc.pdf\">-rezultat<\/a>[\/vc_column_text][\/vc_column][\/vc_row][vc_row css=&#8221;.vc_custom_1649253755639{border-bottom-width: 2px !important;border-bottom-color: #1e73be !important;border-bottom-style: dotted !important;}&#8221;][vc_column width=&#8221;1\/6&#8243;][vc_column_text]4[\/vc_column_text][vc_column_text][\/vc_column_text][\/vc_column][vc_column width=&#8221;1\/6&#8243;][vc_column_text]25.11.2025[\/vc_column_text][\/vc_column][vc_column width=&#8221;1\/2&#8243;][vc_column_text]<a href=\"https:\/\/crisuri.rowater.ro\/wp-content\/uploads\/2025\/11\/PromEcSGABH.pdf\">Economist din cadrul Administra\u0163iei Bazinate de Ap\u0103 Cri\u015furi, SGA Bihor-RURPA<\/a>[\/vc_column_text][\/vc_column][vc_column width=&#8221;1\/6&#8243;][vc_column_text]-<a href=\"https:\/\/crisuri.rowater.ro\/wp-content\/uploads\/2025\/12\/rezprom09.pdf\">rezultat<\/a>[\/vc_column_text][\/vc_column][\/vc_row][vc_row css=&#8221;.vc_custom_1649253755639{border-bottom-width: 2px !important;border-bottom-color: #1e73be !important;border-bottom-style: dotted !important;}&#8221;][vc_column width=&#8221;1\/6&#8243;][vc_column_text]5[\/vc_column_text][vc_column_text][\/vc_column_text][\/vc_column][vc_column width=&#8221;1\/6&#8243;][vc_column_text]25.11.2025[\/vc_column_text][\/vc_column][vc_column width=&#8221;1\/2&#8243;][vc_column_text]<a href=\"https:\/\/crisuri.rowater.ro\/wp-content\/uploads\/2025\/11\/PromAgHodos.pdf\">Agent hidrotehnic din cadrul Administra\u0163iei Bazinale de Ap\u0103 Cri\u015furi, SGA Bihor-Forma\u0163ia Hodo\u015f<\/a>[\/vc_column_text][\/vc_column][vc_column width=&#8221;1\/6&#8243;][vc_column_text]-<a href=\"https:\/\/crisuri.rowater.ro\/wp-content\/uploads\/2025\/12\/rezprom12.pdf\">rezultat<\/a>[\/vc_column_text][\/vc_column][\/vc_row][vc_row css=&#8221;.vc_custom_1649253755639{border-bottom-width: 2px !important;border-bottom-color: #1e73be !important;border-bottom-style: dotted !important;}&#8221;][vc_column width=&#8221;1\/6&#8243;][vc_column_text]6[\/vc_column_text][vc_column_text][\/vc_column_text][\/vc_column][vc_column width=&#8221;1\/6&#8243;][vc_column_text]25.11.2025[\/vc_column_text][\/vc_column][vc_column width=&#8221;1\/2&#8243;][vc_column_text]<a href=\"https:\/\/crisuri.rowater.ro\/wp-content\/uploads\/2025\/11\/PromSpecSSMSGABH.pdf\">Specialist \u00een domeniul SSM din cadrul Administra\u0163iei Bazinale de Ap\u0103 Cri\u015furi, SGA Bihor-SSM<\/a>[\/vc_column_text][\/vc_column][vc_column width=&#8221;1\/6&#8243;][vc_column_text]-<a href=\"https:\/\/crisuri.rowater.ro\/wp-content\/uploads\/2025\/12\/rezprom10.pdf\">rezultat<\/a>[\/vc_column_text][\/vc_column][\/vc_row][vc_row css=&#8221;.vc_custom_1649253755639{border-bottom-width: 2px !important;border-bottom-color: #1e73be !important;border-bottom-style: dotted !important;}&#8221;][vc_column width=&#8221;1\/6&#8243;][vc_column_text][\/vc_column_text][vc_column_text][\/vc_column_text][\/vc_column][vc_column width=&#8221;1\/6&#8243;][vc_column_text][\/vc_column_text][\/vc_column][vc_column width=&#8221;1\/2&#8243;][vc_column_text][\/vc_column_text][\/vc_column][vc_column width=&#8221;1\/6&#8243;][vc_column_text][\/vc_column_text][\/vc_column][\/vc_row]<\/p>\n","protected":false},"excerpt":{"rendered":"<p>[vc_row content_placement=&#8221;middle&#8221; css=&#8221;.vc_custom_1649253955724{border-top-width: 2px !important;border-right-width: 2px !important;border-bottom-width: 2px !important;border-left-width: 2px !important;background-color: #dbdbdb !important;border-left-color: #1e73be !important;border-left-style: solid !important;border-right-color: #1e73be !important;border-right-style: solid !important;border-top-color: #1e73be !important;border-top-style: solid !important;border-bottom-color: #1e73be !important;border-bottom-style: solid !important;}&#8221;][vc_column width=&#8221;1\/6&#8243;][vc_column_text]\u2026<\/p>\n","protected":false},"author":1,"featured_media":0,"parent":0,"menu_order":0,"comment_status":"closed","ping_status":"closed","template":"","meta":{"footnotes":""},"class_list":["post-84","page","type-page","status-publish","hentry"],"_links":{"self":[{"href":"https:\/\/crisuri.rowater.ro\/index.php?rest_route=\/wp\/v2\/pages\/84","targetHints":{"allow":["GET"]}}],"collection":[{"href":"https:\/\/crisuri.rowater.ro\/index.php?rest_route=\/wp\/v2\/pages"}],"about":[{"href":"https:\/\/crisuri.rowater.ro\/index.php?rest_route=\/wp\/v2\/types\/page"}],"author":[{"embeddable":true,"href":"https:\/\/crisuri.rowater.ro\/index.php?rest_route=\/wp\/v2\/users\/1"}],"replies":[{"embeddable":true,"href":"https:\/\/crisuri.rowater.ro\/index.php?rest_route=%2Fwp%2Fv2%2Fcomments&post=84"}],"version-history":[{"count":309,"href":"https:\/\/crisuri.rowater.ro\/index.php?rest_route=\/wp\/v2\/pages\/84\/revisions"}],"predecessor-version":[{"id":9328,"href":"https:\/\/crisuri.rowater.ro\/index.php?rest_route=\/wp\/v2\/pages\/84\/revisions\/9328"}],"wp:attachment":[{"href":"https:\/\/crisuri.rowater.ro\/index.php?rest_route=%2Fwp%2Fv2%2Fmedia&parent=84"}],"curies":[{"name":"wp","href":"https:\/\/api.w.org\/{rel}","templated":true}]}}