{"id":8710,"date":"2025-09-19T09:09:51","date_gmt":"2025-09-19T07:09:51","guid":{"rendered":"https:\/\/crisuri.rowater.ro\/?page_id=8710"},"modified":"2026-03-26T13:11:52","modified_gmt":"2026-03-26T11:11:52","slug":"rohu00270-water-energy","status":"publish","type":"page","link":"https:\/\/crisuri.rowater.ro\/?page_id=8710","title":{"rendered":"ROHU00270 &#8211; WATER ENERGY"},"content":{"rendered":"<p>[vc_row][vc_column][vc_column_text]<\/p>\n<h3><strong><img loading=\"lazy\" decoding=\"async\" class=\"alignnone size-large wp-image-9519\" src=\"https:\/\/crisuri.rowater.ro\/wp-content\/uploads\/2026\/03\/siglainterreg-rohu-1024x188.png\" alt=\"\" width=\"800\" height=\"147\" srcset=\"https:\/\/crisuri.rowater.ro\/wp-content\/uploads\/2026\/03\/siglainterreg-rohu-1024x188.png 1024w, https:\/\/crisuri.rowater.ro\/wp-content\/uploads\/2026\/03\/siglainterreg-rohu-300x55.png 300w, https:\/\/crisuri.rowater.ro\/wp-content\/uploads\/2026\/03\/siglainterreg-rohu-768x141.png 768w, https:\/\/crisuri.rowater.ro\/wp-content\/uploads\/2026\/03\/siglainterreg-rohu-1536x282.png 1536w, https:\/\/crisuri.rowater.ro\/wp-content\/uploads\/2026\/03\/siglainterreg-rohu-2048x375.png 2048w\" sizes=\"auto, (max-width: 800px) 100vw, 800px\" \/><\/strong><\/h3>\n<h3><span style=\"color: #333399;\"><strong>&#8222;Analysis of water heat energy potential of alluvial plains in the Romania-Hungary border area&#8221;<\/strong><\/span><br \/>\n<span style=\"color: #333399;\"><strong>&#8222;Evaluarea poten\u021bialului energetic geotermal ale apei freatice \u00een c\u00e2mpiile aluvionare din zona de frontier\u0103 Rom\u00e2nia-Ungaria&#8221;<\/strong><\/span><\/h3>\n<p>[\/vc_column_text][\/vc_column][\/vc_row][vc_row][vc_column][vc_gallery interval=&#8221;3&#8243; images=&#8221;9526,9527,9528,9529,9530,9531,9532,9533,9534&#8243; img_size=&#8221;large&#8221;][\/vc_column][\/vc_row][vc_row][vc_column][vc_column_text]<a href=\"https:\/\/interreg-rohu.eu\/ro\/home-ro\">https:\/\/interreg-rohu.eu\/ro\/home-ro<\/a><\/p>\n<p><span style=\"color: #333399;\"><em>\u201eCon\u021binutul acestui material nu reprezint\u0103 \u00een mod obligatoriu pozi\u021bia oficial\u0103 a Uniunii Europene sau a Guvernului Rom\u00e2niei\u201d.<\/em><\/span>[\/vc_column_text][\/vc_column][\/vc_row]<\/p>\n","protected":false},"excerpt":{"rendered":"<p>[vc_row][vc_column][vc_column_text] &#8222;Analysis of water heat energy potential of alluvial plains in the Romania-Hungary border area&#8221; &#8222;Evaluarea poten\u021bialului energetic geotermal ale apei freatice \u00een c\u00e2mpiile aluvionare din zona de frontier\u0103 Rom\u00e2nia-Ungaria&#8221;\u2026<\/p>\n","protected":false},"author":1,"featured_media":0,"parent":0,"menu_order":0,"comment_status":"closed","ping_status":"closed","template":"","meta":{"footnotes":""},"class_list":["post-8710","page","type-page","status-publish","hentry"],"_links":{"self":[{"href":"https:\/\/crisuri.rowater.ro\/index.php?rest_route=\/wp\/v2\/pages\/8710","targetHints":{"allow":["GET"]}}],"collection":[{"href":"https:\/\/crisuri.rowater.ro\/index.php?rest_route=\/wp\/v2\/pages"}],"about":[{"href":"https:\/\/crisuri.rowater.ro\/index.php?rest_route=\/wp\/v2\/types\/page"}],"author":[{"embeddable":true,"href":"https:\/\/crisuri.rowater.ro\/index.php?rest_route=\/wp\/v2\/users\/1"}],"replies":[{"embeddable":true,"href":"https:\/\/crisuri.rowater.ro\/index.php?rest_route=%2Fwp%2Fv2%2Fcomments&post=8710"}],"version-history":[{"count":14,"href":"https:\/\/crisuri.rowater.ro\/index.php?rest_route=\/wp\/v2\/pages\/8710\/revisions"}],"predecessor-version":[{"id":9549,"href":"https:\/\/crisuri.rowater.ro\/index.php?rest_route=\/wp\/v2\/pages\/8710\/revisions\/9549"}],"wp:attachment":[{"href":"https:\/\/crisuri.rowater.ro\/index.php?rest_route=%2Fwp%2Fv2%2Fmedia&parent=8710"}],"curies":[{"name":"wp","href":"https:\/\/api.w.org\/{rel}","templated":true}]}}