{"id":8712,"date":"2025-09-19T09:09:51","date_gmt":"2025-09-19T07:09:51","guid":{"rendered":"https:\/\/crisuri.rowater.ro\/?page_id=8712"},"modified":"2026-03-26T13:10:35","modified_gmt":"2026-03-26T11:10:35","slug":"rohu00458-cmplx-water","status":"publish","type":"page","link":"https:\/\/crisuri.rowater.ro\/?page_id=8712","title":{"rendered":"ROHU00458 &#8211; CMPLX-WATER"},"content":{"rendered":"<p>[vc_row][vc_column][vc_column_text]<\/p>\n<h2><img loading=\"lazy\" decoding=\"async\" class=\"alignnone size-large wp-image-9519\" src=\"https:\/\/crisuri.rowater.ro\/wp-content\/uploads\/2026\/03\/siglainterreg-rohu-1024x188.png\" alt=\"\" width=\"800\" height=\"147\" srcset=\"https:\/\/crisuri.rowater.ro\/wp-content\/uploads\/2026\/03\/siglainterreg-rohu-1024x188.png 1024w, https:\/\/crisuri.rowater.ro\/wp-content\/uploads\/2026\/03\/siglainterreg-rohu-300x55.png 300w, https:\/\/crisuri.rowater.ro\/wp-content\/uploads\/2026\/03\/siglainterreg-rohu-768x141.png 768w, https:\/\/crisuri.rowater.ro\/wp-content\/uploads\/2026\/03\/siglainterreg-rohu-1536x282.png 1536w, https:\/\/crisuri.rowater.ro\/wp-content\/uploads\/2026\/03\/siglainterreg-rohu-2048x375.png 2048w\" sizes=\"auto, (max-width: 800px) 100vw, 800px\" \/><\/h2>\n<h3><span style=\"color: #333399;\"><strong>\u201eThe Complex Development of Water Management in Barc\u0103u ( Beretty\u00f3) and Cri\u0219ul Repede (Sebes \u2013 K\u00f6r\u00f6s) rivers hydrographic basins in Bihor, Hajd\u00fa-Bihar and B\u00e9k\u00e9s counties\u201d<\/strong><\/span><br \/>\n<span style=\"color: #333399;\"><strong>\u201cDezvoltarea complex\u0103 a managementului apei \u00een bazinele hidrografice Barc\u0103u \u0219i Cri\u0219ul Repede \u00een jude\u021bele Bihor, Hajd\u00fa-Bihar \u0219i B\u00e9k\u00e9s\u201d<\/strong><\/span><\/h3>\n<p>&nbsp;[\/vc_column_text][vc_row_inner][vc_column_inner][vc_gallery interval=&#8221;3&#8243; images=&#8221;9535,9536,9537,9538,9539,9540,9541,9542,9543&#8243; img_size=&#8221;large&#8221;][\/vc_column_inner][\/vc_row_inner][\/vc_column][\/vc_row][vc_row][vc_column][vc_column_text]<a href=\"https:\/\/interreg-rohu.eu\/ro\/home-ro\/\">https:\/\/interreg-rohu.eu\/ro\/home-ro\/<\/a><\/p>\n<p><span style=\"color: #333399;\"><em>\u201eCon\u021binutul acestui material nu reprezint\u0103 \u00een mod obligatoriu pozi\u021bia oficial\u0103 a Uniunii Europene sau a Guvernului Rom\u00e2niei\u201d.<\/em><\/span>[\/vc_column_text][\/vc_column][\/vc_row]<\/p>\n","protected":false},"excerpt":{"rendered":"<p>[vc_row][vc_column][vc_column_text] \u201eThe Complex Development of Water Management in Barc\u0103u ( Beretty\u00f3) and Cri\u0219ul Repede (Sebes \u2013 K\u00f6r\u00f6s) rivers hydrographic basins in Bihor, Hajd\u00fa-Bihar and B\u00e9k\u00e9s counties\u201d \u201cDezvoltarea complex\u0103 a managementului\u2026<\/p>\n","protected":false},"author":1,"featured_media":0,"parent":0,"menu_order":0,"comment_status":"closed","ping_status":"closed","template":"","meta":{"footnotes":""},"class_list":["post-8712","page","type-page","status-publish","hentry"],"_links":{"self":[{"href":"https:\/\/crisuri.rowater.ro\/index.php?rest_route=\/wp\/v2\/pages\/8712","targetHints":{"allow":["GET"]}}],"collection":[{"href":"https:\/\/crisuri.rowater.ro\/index.php?rest_route=\/wp\/v2\/pages"}],"about":[{"href":"https:\/\/crisuri.rowater.ro\/index.php?rest_route=\/wp\/v2\/types\/page"}],"author":[{"embeddable":true,"href":"https:\/\/crisuri.rowater.ro\/index.php?rest_route=\/wp\/v2\/users\/1"}],"replies":[{"embeddable":true,"href":"https:\/\/crisuri.rowater.ro\/index.php?rest_route=%2Fwp%2Fv2%2Fcomments&post=8712"}],"version-history":[{"count":11,"href":"https:\/\/crisuri.rowater.ro\/index.php?rest_route=\/wp\/v2\/pages\/8712\/revisions"}],"predecessor-version":[{"id":9548,"href":"https:\/\/crisuri.rowater.ro\/index.php?rest_route=\/wp\/v2\/pages\/8712\/revisions\/9548"}],"wp:attachment":[{"href":"https:\/\/crisuri.rowater.ro\/index.php?rest_route=%2Fwp%2Fv2%2Fmedia&parent=8712"}],"curies":[{"name":"wp","href":"https:\/\/api.w.org\/{rel}","templated":true}]}}