{"id":8773,"date":"2025-10-01T08:58:13","date_gmt":"2025-10-01T06:58:13","guid":{"rendered":"https:\/\/crisuri.rowater.ro\/?page_id=8773"},"modified":"2025-10-02T12:27:03","modified_gmt":"2025-10-02T10:27:03","slug":"imbunatattirea-conditiilor-de-functionare-in-siguranta-a-acumularii-lesu-jud-bihor","status":"publish","type":"page","link":"https:\/\/crisuri.rowater.ro\/?page_id=8773","title":{"rendered":"\u00cembun\u0103t\u0103\u021birea condi\u021biilor de func\u021bionare \u00een siguran\u021b\u0103 a acumul\u0103rii Le\u0219u &#8211; jud. Bihor"},"content":{"rendered":"<p>[vc_row equal_height=&#8221;yes&#8221; content_placement=&#8221;middle&#8221;][vc_column width=&#8221;1\/6&#8243;][vc_icon type=&#8221;entypo&#8221; icon_entypo=&#8221;entypo-icon entypo-icon-newspaper&#8221; size=&#8221;xl&#8221; align=&#8221;right&#8221;][\/vc_column][vc_column width=&#8221;5\/6&#8243;][vc_column_text]<a href=\"https:\/\/crisuri.rowater.ro\/wp-content\/uploads\/2025\/10\/COMUNICAT-DE-PRESA-Baraj-LESU.pdf\">COMUNICAT DE PRESA &#8211; Baraj LESU<\/a>[\/vc_column_text][\/vc_column][\/vc_row][vc_row][vc_column][vc_gallery interval=&#8221;3&#8243; images=&#8221;8810,8811,8812,8813,8814,8815,8816&#8243; img_size=&#8221;600&#215;350&#8243; title=&#8221;Galerie imagini&#8221;][\/vc_column][\/vc_row][vc_row][vc_column][vc_column_text]<\/p>\n<h3><strong>Galerie video<\/strong><\/h3>\n<div style=\"width: 800px;\" class=\"wp-video\"><video class=\"wp-video-shortcode\" id=\"video-8773-1\" width=\"800\" height=\"451\" preload=\"metadata\" controls=\"controls\"><source type=\"video\/mp4\" src=\"https:\/\/crisuri.rowater.ro\/wp-content\/uploads\/2025\/10\/Video-Lesu.mp4?_=1\" \/><a href=\"https:\/\/crisuri.rowater.ro\/wp-content\/uploads\/2025\/10\/Video-Lesu.mp4\">https:\/\/crisuri.rowater.ro\/wp-content\/uploads\/2025\/10\/Video-Lesu.mp4<\/a><\/video><\/div>\n<div style=\"width: 800px;\" class=\"wp-video\"><video class=\"wp-video-shortcode\" id=\"video-8773-2\" width=\"800\" height=\"453\" preload=\"metadata\" controls=\"controls\"><source type=\"video\/mp4\" src=\"https:\/\/crisuri.rowater.ro\/wp-content\/uploads\/2025\/10\/conferinta-de-presa-LESU.mp4?_=2\" \/><a href=\"https:\/\/crisuri.rowater.ro\/wp-content\/uploads\/2025\/10\/conferinta-de-presa-LESU.mp4\">https:\/\/crisuri.rowater.ro\/wp-content\/uploads\/2025\/10\/conferinta-de-presa-LESU.mp4<\/a><\/video><\/div>\n<div style=\"width: 800px;\" class=\"wp-video\"><video class=\"wp-video-shortcode\" id=\"video-8773-3\" width=\"800\" height=\"450\" preload=\"metadata\" controls=\"controls\"><source type=\"video\/mp4\" src=\"https:\/\/crisuri.rowater.ro\/wp-content\/uploads\/2025\/10\/Interviu-Pasztor-Sandor-director-ABA-Crisuri.mp4?_=3\" \/><a href=\"https:\/\/crisuri.rowater.ro\/wp-content\/uploads\/2025\/10\/Interviu-Pasztor-Sandor-director-ABA-Crisuri.mp4\">https:\/\/crisuri.rowater.ro\/wp-content\/uploads\/2025\/10\/Interviu-Pasztor-Sandor-director-ABA-Crisuri.mp4<\/a><\/video><\/div>[\/vc_column_text][\/vc_column][\/vc_row]<\/p>\n","protected":false},"excerpt":{"rendered":"<p>[vc_row equal_height=&#8221;yes&#8221; content_placement=&#8221;middle&#8221;][vc_column width=&#8221;1\/6&#8243;][vc_icon type=&#8221;entypo&#8221; icon_entypo=&#8221;entypo-icon entypo-icon-newspaper&#8221; size=&#8221;xl&#8221; align=&#8221;right&#8221;][\/vc_column][vc_column width=&#8221;5\/6&#8243;][vc_column_text]COMUNICAT DE PRESA &#8211; Baraj LESU[\/vc_column_text][\/vc_column][\/vc_row][vc_row][vc_column][vc_gallery interval=&#8221;3&#8243; images=&#8221;8810,8811,8812,8813,8814,8815,8816&#8243; img_size=&#8221;600&#215;350&#8243; title=&#8221;Galerie imagini&#8221;][\/vc_column][\/vc_row][vc_row][vc_column][vc_column_text] Galerie video &nbsp; &nbsp; [\/vc_column_text][\/vc_column][\/vc_row]<\/p>\n","protected":false},"author":1,"featured_media":0,"parent":0,"menu_order":0,"comment_status":"closed","ping_status":"closed","template":"","meta":{"footnotes":""},"class_list":["post-8773","page","type-page","status-publish","hentry"],"_links":{"self":[{"href":"https:\/\/crisuri.rowater.ro\/index.php?rest_route=\/wp\/v2\/pages\/8773","targetHints":{"allow":["GET"]}}],"collection":[{"href":"https:\/\/crisuri.rowater.ro\/index.php?rest_route=\/wp\/v2\/pages"}],"about":[{"href":"https:\/\/crisuri.rowater.ro\/index.php?rest_route=\/wp\/v2\/types\/page"}],"author":[{"embeddable":true,"href":"https:\/\/crisuri.rowater.ro\/index.php?rest_route=\/wp\/v2\/users\/1"}],"replies":[{"embeddable":true,"href":"https:\/\/crisuri.rowater.ro\/index.php?rest_route=%2Fwp%2Fv2%2Fcomments&post=8773"}],"version-history":[{"count":16,"href":"https:\/\/crisuri.rowater.ro\/index.php?rest_route=\/wp\/v2\/pages\/8773\/revisions"}],"predecessor-version":[{"id":8860,"href":"https:\/\/crisuri.rowater.ro\/index.php?rest_route=\/wp\/v2\/pages\/8773\/revisions\/8860"}],"wp:attachment":[{"href":"https:\/\/crisuri.rowater.ro\/index.php?rest_route=%2Fwp%2Fv2%2Fmedia&parent=8773"}],"curies":[{"name":"wp","href":"https:\/\/api.w.org\/{rel}","templated":true}]}}