{"id":9448,"date":"2026-03-12T11:36:33","date_gmt":"2026-03-12T09:36:33","guid":{"rendered":"https:\/\/crisuri.rowater.ro\/?page_id=9448"},"modified":"2026-03-12T12:10:13","modified_gmt":"2026-03-12T10:10:13","slug":"exproprieri-amenajare-valea-calata","status":"publish","type":"page","link":"https:\/\/crisuri.rowater.ro\/?page_id=9448","title":{"rendered":"Exproprieri Amenajare Valea Calata"},"content":{"rendered":"<p>[vc_row][vc_column][vc_column_text]Av\u00e2nd in vedere HOT\u0102R\u00c2REA GUVERNULUI nr. 1.057 din 5 decembrie 2025 privind aprobarea amplasamentului \u015fi declan\u015farea procedurilor de expropriere a tuturor imobilelor proprietate privat\u0103 care constituie coridorul de expropriere al lucr\u0103rii de utilitate public\u0103 de interes na\u0163ional &#8222;Amenajarea Valea C\u0103lata, jude\u0163ul Cluj&#8221; \u0219i demararea Procedurii de Expropriere aferent\u0103; \u00cen temeiul art 8 alin. 1) din Legea 255 \/ 2010 privind exproprierea pentru cauz\u0103 de utilitate public\u0103, necesar\u0103 realiz\u0103rii unor obiective de interes na\u0163ional, jude\u0163ean \u015fi local, Administra\u0163ia Bazinal\u0103 de Ap\u0103 Cri\u015furi, institu\u0163ie public\u0103 cu sediul \u00een Oradea, str. Ion Bogdan, nr. 35, reprezentat\u0103 legal prin director &#8211; ing. S\u00e1ndor P\u00c1SZTOR, procedeaz\u0103 la:<\/p>\n<p>AFI\u015eAREA LISTEI IMOBILELOR CE URMEAZ\u0102 A FI EXPROPRIATE si PLANURILE DE AMPLASAMENT<\/p>\n<p style=\"padding-left: 40px;\"><a href=\"https:\/\/crisuri.rowater.ro\/wp-content\/uploads\/2026\/03\/ANUNT-pagina-net.pdf\">ANUN\u021a<\/a><\/p>\n<p style=\"padding-left: 40px;\"><a href=\"https:\/\/crisuri.rowater.ro\/wp-content\/uploads\/2026\/03\/HG-1057-din-5-12-2025.pdf\">HG 1057 din 5-12-2025<\/a> (inclusiv lista imobilelor)<\/p>\n<p style=\"padding-left: 40px;\">\n<p style=\"padding-left: 40px;\"><a href=\"https:\/\/crisuri.rowater.ro\/wp-content\/uploads\/2026\/03\/Culoar-expropriere-Calatele.pdf\">Culoar expropriere C\u0103l\u0103\u021bele<\/a><\/p>\n<p style=\"padding-left: 40px;\"><a href=\"https:\/\/crisuri.rowater.ro\/wp-content\/uploads\/2026\/03\/Culoar-expropriere-Sancraiu.pdf\">Culoar expropriere S\u00e2ncraiu<\/a><\/p>\n<p style=\"padding-left: 40px;\"><a href=\"https:\/\/crisuri.rowater.ro\/wp-content\/uploads\/2026\/03\/CERERE-TIP-pt-expropriere.doc\">CERERE TIP pt expropriere<\/a><\/p>\n<p>&nbsp;[\/vc_column_text][\/vc_column][\/vc_row]<\/p>\n","protected":false},"excerpt":{"rendered":"<p>[vc_row][vc_column][vc_column_text]Av\u00e2nd in vedere HOT\u0102R\u00c2REA GUVERNULUI nr. 1.057 din 5 decembrie 2025 privind aprobarea amplasamentului \u015fi declan\u015farea procedurilor de expropriere a tuturor imobilelor proprietate privat\u0103 care constituie coridorul de expropriere al\u2026<\/p>\n","protected":false},"author":1,"featured_media":0,"parent":0,"menu_order":0,"comment_status":"closed","ping_status":"closed","template":"","meta":{"footnotes":""},"class_list":["post-9448","page","type-page","status-publish","hentry"],"_links":{"self":[{"href":"https:\/\/crisuri.rowater.ro\/index.php?rest_route=\/wp\/v2\/pages\/9448","targetHints":{"allow":["GET"]}}],"collection":[{"href":"https:\/\/crisuri.rowater.ro\/index.php?rest_route=\/wp\/v2\/pages"}],"about":[{"href":"https:\/\/crisuri.rowater.ro\/index.php?rest_route=\/wp\/v2\/types\/page"}],"author":[{"embeddable":true,"href":"https:\/\/crisuri.rowater.ro\/index.php?rest_route=\/wp\/v2\/users\/1"}],"replies":[{"embeddable":true,"href":"https:\/\/crisuri.rowater.ro\/index.php?rest_route=%2Fwp%2Fv2%2Fcomments&post=9448"}],"version-history":[{"count":2,"href":"https:\/\/crisuri.rowater.ro\/index.php?rest_route=\/wp\/v2\/pages\/9448\/revisions"}],"predecessor-version":[{"id":9457,"href":"https:\/\/crisuri.rowater.ro\/index.php?rest_route=\/wp\/v2\/pages\/9448\/revisions\/9457"}],"wp:attachment":[{"href":"https:\/\/crisuri.rowater.ro\/index.php?rest_route=%2Fwp%2Fv2%2Fmedia&parent=9448"}],"curies":[{"name":"wp","href":"https:\/\/api.w.org\/{rel}","templated":true}]}}